{"id":11,"date":"2025-03-13T20:49:33","date_gmt":"2025-03-13T20:49:33","guid":{"rendered":"https:\/\/www.rabten.ro\/magazin\/"},"modified":"2026-01-31T14:48:39","modified_gmt":"2026-01-31T14:48:39","slug":"books","status":"publish","type":"page","link":"https:\/\/www.rabten.ro\/en\/carti\/","title":{"rendered":"Books"},"content":{"rendered":"<p>[et_pb_section fb_built=&#8221;1&#8243; _builder_version=&#8221;4.27.4&#8243; _module_preset=&#8221;default&#8221; custom_padding=&#8221;||2px|||&#8221; global_colors_info=&#8221;{}&#8221;][et_pb_row _builder_version=&#8221;4.27.4&#8243; _module_preset=&#8221;default&#8221; custom_padding=&#8221;||8px|||&#8221; global_colors_info=&#8221;{}&#8221;][et_pb_column type=&#8221;4_4&#8243; _builder_version=&#8221;4.27.4&#8243; _module_preset=&#8221;default&#8221; global_colors_info=&#8221;{}&#8221;][et_pb_text _builder_version=&#8221;4.27.4&#8243; _module_preset=&#8221;default&#8221; header_text_align=&#8221;center&#8221; header_2_text_align=&#8221;center&#8221; custom_margin=&#8221;||5px|||&#8221; global_colors_info=&#8221;{}&#8221;]<\/p>\n<h1>C\u0103r\u0163i \u00een limba Rom\u00e2n\u0103:<\/h1>\n<p>[\/et_pb_text][et_pb_code _builder_version=&#8221;4.27.4&#8243; _module_preset=&#8221;default&#8221; global_colors_info=&#8221;{}&#8221;]<script> <!-- [et_pb_line_break_holder] -->  jQuery(document).ready(function($) { $('.woocommerce .products a.button').on('click', function() { setTimeout(function(){ location.reload(); }, 1000); }); });<!-- [et_pb_line_break_holder] -->  <!-- [et_pb_line_break_holder] -->\/\/replace shipping info with static text<!-- [et_pb_line_break_holder] -->jQuery(document).ready(function($) {<!-- [et_pb_line_break_holder] -->  $('tr.woocommerce-shipping-totals.shipping td[data-title=\"Livrare\"]')<!-- [et_pb_line_break_holder] -->    .first()<!-- [et_pb_line_break_holder] -->    .html('Momentan, comenzile efectuate se pot fi ridicate doar \u00een Bucure\u0219ti. V\u0103 vom contacta la scurt timp dup\u0103 plasarea comenzii pentru ridicarea acesteia.');<!-- [et_pb_line_break_holder] -->});<!-- [et_pb_line_break_holder] --><!-- [et_pb_line_break_holder] --><!-- [et_pb_line_break_holder] --><\/script>[\/et_pb_code][\/et_pb_column][\/et_pb_row][et_pb_row _builder_version=&#8221;4.27.4&#8243; _module_preset=&#8221;default&#8221; max_width=&#8221;80%&#8221; custom_padding=&#8221;14px||4px|||&#8221; global_colors_info=&#8221;{}&#8221;][et_pb_column type=&#8221;4_4&#8243; _builder_version=&#8221;4.27.4&#8243; _module_preset=&#8221;default&#8221; global_colors_info=&#8221;{}&#8221;][et_pb_shop columns_number=&#8221;6&#8243; orderby=&#8221;price-desc&#8221; icon_hover_color=&#8221;#E09900&#8243; hover_icon=&#8221;&#xf105;||fa||900&#8243; show_rating=&#8221;off&#8221; show_sale_badge=&#8221;off&#8221; _builder_version=&#8221;4.27.4&#8243; _module_preset=&#8221;default&#8221; sale_badge_custom_margin=&#8221;|0px|0px|0px|false|false&#8221; sale_badge_custom_padding=&#8221;|18px|6px|18px|false|false&#8221; title_font=&#8221;|700|||||||&#8221; title_font_size=&#8221;1.2vw&#8221; price_text_color=&#8221;#E09900&#8243; text_orientation=&#8221;center&#8221; custom_margin=&#8221;||-9px|||&#8221; custom_padding=&#8221;||0px|||&#8221; title_font_size_tablet=&#8221;1rem&#8221; title_font_size_phone=&#8221;1rem&#8221; title_font_size_last_edited=&#8221;on|desktop&#8221; custom_css_free_form=&#8221;.woocommerce a.button, ||.woocommerce-page a.button||{    ||  color: #E09900 !important;||    border-radius: 56px;||  font-size:0.7vw;||}||@media only screen and (max-width: 980px) {||  .woocommerce a.button, .woocommerce-page a.button||  {||        ||  font-size:1rem;||    }||}||||.woocommerce a.button::before, .woocommerce-page a.button::before {||  content: %22%9250%22 !important;||        font-family: ETmodules !important;||        font-weight: 400 !important;||  opacity:1;||  display: inline-block !important;||  position: relative; \/* or absolute if you need specific positioning *\/||  margin-right: 4px; \/* test margin or padding *\/||    line-height: inherit;||    font-size: inherit !important;||    margin-left: 0.1px;||    right: auto;||}||.woocommerce a.button::after, .woocommerce-page a.button::after{||  display: none !important;||    line-height: 0;||  content: %22%22 !important;||}||||.woocommerce a.button.alt:hover, .woocommerce-page a.button.alt:hover, .woocommerce button.button.alt:hover, .woocommerce button.button.alt.disabled:hover, .woocommerce-page button.button.alt:hover, .woocommerce-page button.button.alt.disabled:hover, .woocommerce input.button.alt:hover, .woocommerce-page input.button.alt:hover, .woocommerce #respond input#submit.alt:hover, .woocommerce-page #respond input#submit.alt:hover, .woocommerce #content input.button.alt:hover, .woocommerce-page #content input.button.alt:hover, .woocommerce a.button:hover, .woocommerce-page a.button:hover, .woocommerce button.button:hover, .woocommerce-page button.button:hover, .woocommerce input.button:hover, .woocommerce-page input.button:hover, .woocommerce #respond input#submit:hover, .woocommerce-page #respond input#submit:hover, .woocommerce #content input.button:hover, .woocommerce-page #content input.button:hover, .woocommerce button.button:disabled:hover, .woocommerce-page button.button:disabled:hover {||    border: 2px solid transparent !important;||     padding: 0.3em 1em 0.3em 1em !important;||}&#8221; border_radii_image=&#8221;on|10px|10px|10px|10px&#8221; box_shadow_style_image=&#8221;preset1&#8243; global_colors_info=&#8221;{}&#8221;][\/et_pb_shop][\/et_pb_column][\/et_pb_row][et_pb_row column_structure=&#8221;1_2,1_2&#8243; _builder_version=&#8221;4.27.4&#8243; _module_preset=&#8221;default&#8221; custom_padding=&#8221;7px||2px|||&#8221; global_colors_info=&#8221;{}&#8221;][et_pb_column type=&#8221;1_2&#8243; _builder_version=&#8221;4.27.4&#8243; _module_preset=&#8221;default&#8221; global_colors_info=&#8221;{}&#8221;][et_pb_wc_cart_products row_layout=&#8221;horizontal&#8221; image_max_width=&#8221;63px&#8221; show_coupon_code=&#8221;off&#8221; _builder_version=&#8221;4.27.4&#8243; _module_preset=&#8221;default&#8221; custom_button=&#8221;on&#8221; button_text_color=&#8221;#E09900&#8243; button_border_width=&#8221;1px&#8221; button_border_radius=&#8221;31px&#8221; button_use_icon=&#8221;off&#8221; border_radii_image=&#8221;on|6px|6px|6px|6px&#8221; global_colors_info=&#8221;{}&#8221; button_border_color__hover_enabled=&#8221;off|desktop&#8221;][\/et_pb_wc_cart_products][\/et_pb_column][et_pb_column type=&#8221;1_2&#8243; _builder_version=&#8221;4.27.4&#8243; _module_preset=&#8221;default&#8221; global_colors_info=&#8221;{}&#8221;][et_pb_wc_cart_totals disabled_on=&#8221;off|off|off&#8221; _builder_version=&#8221;4.27.4&#8243; _module_preset=&#8221;default&#8221; title_font=&#8221;||||||||&#8221; column_label_text_align=&#8221;right&#8221; body_text_align=&#8221;left&#8221; custom_button=&#8221;on&#8221; button_text_size=&#8221;14px&#8221; button_text_color=&#8221;#E09900&#8243; button_border_color=&#8221;#E09900&#8243; button_border_radius=&#8221;59px&#8221; button_use_icon=&#8221;off&#8221; text_orientation=&#8221;left&#8221; custom_margin=&#8221;||-2px|||&#8221; global_colors_info=&#8221;{}&#8221;][\/et_pb_wc_cart_totals][\/et_pb_column][\/et_pb_row][\/et_pb_section][et_pb_section fb_built=&#8221;1&#8243; _builder_version=&#8221;4.27.4&#8243; _module_preset=&#8221;default&#8221; custom_padding=&#8221;4px||6px|||&#8221; global_colors_info=&#8221;{}&#8221;][et_pb_row _builder_version=&#8221;4.27.4&#8243; _module_preset=&#8221;default&#8221; custom_padding=&#8221;||2px|||&#8221; global_colors_info=&#8221;{}&#8221;][et_pb_column type=&#8221;4_4&#8243; _builder_version=&#8221;4.27.4&#8243; _module_preset=&#8221;default&#8221; global_colors_info=&#8221;{}&#8221;][et_pb_text _builder_version=&#8221;4.27.5&#8243; _module_preset=&#8221;default&#8221; text_font_size=&#8221;18px&#8221; header_text_align=&#8221;center&#8221; header_3_text_align=&#8221;center&#8221; global_colors_info=&#8221;{}&#8221;]<\/p>\n<h1>C\u0103r\u0163i \u00een limbi str\u0103ine:<\/h1>\n<p style=\"text-align: center;\"><strong><a href=\"https:\/\/www.rabten.eu\/Publications_en.htm\" target=\"_blank\" rel=\"noopener\">https:\/\/www.rabten.eu\/Publications_en.htm<\/a><\/strong><\/p>\n<p>[\/et_pb_text][\/et_pb_column][\/et_pb_row][\/et_pb_section][et_pb_section fb_built=&#8221;1&#8243; theme_builder_area=&#8221;post_content&#8221; _builder_version=&#8221;4.27.5&#8243; _module_preset=&#8221;default&#8221; height=&#8221;30vh&#8221; hover_enabled=&#8221;0&#8243; sticky_enabled=&#8221;0&#8243;][\/et_pb_section][et_pb_section fb_built=&#8221;1&#8243; fullwidth=&#8221;on&#8221; disabled_on=&#8221;on|on|on&#8221; _builder_version=&#8221;4.27.5&#8243; _module_preset=&#8221;default&#8221; disabled=&#8221;on&#8221; global_colors_info=&#8221;{}&#8221;][et_pb_fullwidth_code _builder_version=&#8221;4.27.4&#8243; _module_preset=&#8221;default&#8221; background_enable_color=&#8221;off&#8221; global_colors_info=&#8221;{}&#8221;]<\/p>\n<div class=\"iframe-wrapper\"><!-- [et_pb_line_break_holder] -->  <iframe<!-- [et_pb_line_break_holder] -->    id=&#8221;myIframe&#8221;<!-- [et_pb_line_break_holder] -->    src=&#8221;https:\/\/www.rabten.eu\/xvCatalog_en.htm&#8221;<!-- [et_pb_line_break_holder] -->    style=&#8221;top: 0; left: 0; width: 100vw; height: 100vh; border: none;&#8221;<!-- [et_pb_line_break_holder] -->    class=&#8221;iframe-embed&#8221;<!-- [et_pb_line_break_holder] -->  ><\/iframe><!-- [et_pb_line_break_holder] --><!-- [et_pb_line_break_holder] -->  <\/p>\n<div class=\"iframe-click-overlay\" id=\"iframeClickOverlay\"><\/div>\n<p><!-- [et_pb_line_break_holder] --><\/div>\n<p><!-- [et_pb_line_break_holder] --><!-- [et_pb_line_break_holder] --><script><!-- [et_pb_line_break_holder] -->  document.getElementById(\"iframeClickOverlay\").addEventListener(\"click\", function () {<!-- [et_pb_line_break_holder] -->    const iframe = document.getElementById(\"myIframe\");<!-- [et_pb_line_break_holder] -->    const url = iframe.src;   \/\/ retrieve the iframe's real URL<!-- [et_pb_line_break_holder] --><!-- [et_pb_line_break_holder] -->    window.open(url, \"_blank\");   \/\/ open that URL<!-- [et_pb_line_break_holder] -->  });<!-- [et_pb_line_break_holder] --><\/script><!-- [et_pb_line_break_holder] --><!-- [et_pb_line_break_holder] --><\/p>\n<style><!-- [et_pb_line_break_holder] -->  .iframe-wrapper {<!-- [et_pb_line_break_holder] -->  position: relative;<!-- [et_pb_line_break_holder] -->  display: inline-block; \/* or block, depending on layout *\/<!-- [et_pb_line_break_holder] -->}<!-- [et_pb_line_break_holder] --><!-- [et_pb_line_break_holder] -->\/* iframe defines the parent's size *\/<!-- [et_pb_line_break_holder] -->.iframe-embed {<!-- [et_pb_line_break_holder] -->  width: 100%;    \/* or fixed width *\/<!-- [et_pb_line_break_holder] -->  height: 400px;  \/* or any height you want *\/<!-- [et_pb_line_break_holder] -->  border: none;<!-- [et_pb_line_break_holder] -->}<!-- [et_pb_line_break_holder] --><!-- [et_pb_line_break_holder] -->\/* overlay takes parent's size, no explicit width\/height *\/<!-- [et_pb_line_break_holder] -->.iframe-click-overlay {<!-- [et_pb_line_break_holder] -->  position: absolute;<!-- [et_pb_line_break_holder] -->  inset: 0;           \/* top:0; right:0; bottom:0; left:0; *\/<!-- [et_pb_line_break_holder] -->  cursor: pointer;<!-- [et_pb_line_break_holder] -->  background: transparent;<!-- [et_pb_line_break_holder] -->  z-index: 1;<!-- [et_pb_line_break_holder] -->}<!-- [et_pb_line_break_holder] --><!-- [et_pb_line_break_holder] --><\/style>\n<p>[\/et_pb_fullwidth_code][\/et_pb_section]<\/p>\n","protected":false},"excerpt":{"rendered":"<p>C\u0103r\u0163i \u00een limba Rom\u00e2n\u0103:C\u0103r\u0163i \u00een limbi str\u0103ine: https:\/\/www.rabten.eu\/Publications_en.htm<\/p>","protected":false},"author":1,"featured_media":0,"parent":0,"menu_order":0,"comment_status":"closed","ping_status":"closed","template":"","meta":{"_et_pb_use_builder":"on","_et_pb_old_content":"<!-- wp:group {\"layout\":{\"type\":\"flex\",\"orientation\":\"vertical\",\"justifyContent\":\"left\"}} -->\n<div class=\"wp-block-group\"><!-- wp:woocommerce\/cart -->\n<div class=\"wp-block-woocommerce-cart alignwide is-loading\"><!-- wp:woocommerce\/filled-cart-block -->\n<div class=\"wp-block-woocommerce-filled-cart-block\"><!-- wp:woocommerce\/cart-items-block -->\n<div class=\"wp-block-woocommerce-cart-items-block\"><!-- wp:woocommerce\/cart-line-items-block -->\n<div class=\"wp-block-woocommerce-cart-line-items-block\"><\/div>\n<!-- \/wp:woocommerce\/cart-line-items-block --><\/div>\n<!-- \/wp:woocommerce\/cart-items-block -->\n\n<!-- wp:woocommerce\/cart-totals-block -->\n<div class=\"wp-block-woocommerce-cart-totals-block\"><!-- wp:woocommerce\/cart-order-summary-block -->\n<div class=\"wp-block-woocommerce-cart-order-summary-block\"><!-- wp:woocommerce\/cart-order-summary-heading-block {\"content\":\"Total co\u0219\"} -->\n<div class=\"wp-block-woocommerce-cart-order-summary-heading-block\"><\/div>\n<!-- \/wp:woocommerce\/cart-order-summary-heading-block -->\n\n<!-- wp:woocommerce\/cart-order-summary-coupon-form-block -->\n<div class=\"wp-block-woocommerce-cart-order-summary-coupon-form-block\"><\/div>\n<!-- \/wp:woocommerce\/cart-order-summary-coupon-form-block -->\n\n<!-- wp:woocommerce\/cart-order-summary-totals-block -->\n<div class=\"wp-block-woocommerce-cart-order-summary-totals-block\"><!-- wp:woocommerce\/cart-order-summary-subtotal-block -->\n<div class=\"wp-block-woocommerce-cart-order-summary-subtotal-block\"><\/div>\n<!-- \/wp:woocommerce\/cart-order-summary-subtotal-block -->\n\n<!-- wp:woocommerce\/cart-order-summary-fee-block -->\n<div class=\"wp-block-woocommerce-cart-order-summary-fee-block\"><\/div>\n<!-- \/wp:woocommerce\/cart-order-summary-fee-block -->\n\n<!-- wp:woocommerce\/cart-order-summary-discount-block -->\n<div class=\"wp-block-woocommerce-cart-order-summary-discount-block\"><\/div>\n<!-- \/wp:woocommerce\/cart-order-summary-discount-block -->\n\n<!-- wp:woocommerce\/cart-order-summary-shipping-block -->\n<div class=\"wp-block-woocommerce-cart-order-summary-shipping-block\"><\/div>\n<!-- \/wp:woocommerce\/cart-order-summary-shipping-block -->\n\n<!-- wp:woocommerce\/cart-order-summary-taxes-block -->\n<div class=\"wp-block-woocommerce-cart-order-summary-taxes-block\"><\/div>\n<!-- \/wp:woocommerce\/cart-order-summary-taxes-block --><\/div>\n<!-- \/wp:woocommerce\/cart-order-summary-totals-block --><\/div>\n<!-- \/wp:woocommerce\/cart-order-summary-block -->\n\n<!-- wp:woocommerce\/cart-express-payment-block -->\n<div class=\"wp-block-woocommerce-cart-express-payment-block\"><\/div>\n<!-- \/wp:woocommerce\/cart-express-payment-block -->\n\n<!-- wp:woocommerce\/proceed-to-checkout-block -->\n<div class=\"wp-block-woocommerce-proceed-to-checkout-block\"><\/div>\n<!-- \/wp:woocommerce\/proceed-to-checkout-block -->\n\n<!-- wp:woocommerce\/cart-accepted-payment-methods-block -->\n<div class=\"wp-block-woocommerce-cart-accepted-payment-methods-block\"><\/div>\n<!-- \/wp:woocommerce\/cart-accepted-payment-methods-block --><\/div>\n<!-- \/wp:woocommerce\/cart-totals-block --><\/div>\n<!-- \/wp:woocommerce\/filled-cart-block -->\n\n<!-- wp:woocommerce\/empty-cart-block -->\n<div class=\"wp-block-woocommerce-empty-cart-block\"><!-- wp:heading {\"textAlign\":\"center\",\"className\":\"with-empty-cart-icon wc-block-cart__empty-cart__title\"} -->\n<h2 class=\"wp-block-heading has-text-align-center with-empty-cart-icon wc-block-cart__empty-cart__title\">Co\u0219ul t\u0103u este gol acum!<\/h2>\n<!-- \/wp:heading -->\n\n<!-- wp:paragraph {\"align\":\"center\"} -->\n<p class=\"has-text-align-center\"><a href=\"https:\/\/www.rabten.ro\/carti\/\">R\u0103sfoie\u0219te \u00een magazin<\/a><\/p>\n<!-- \/wp:paragraph -->\n\n<!-- wp:separator {\"className\":\"is-style-dots\"} -->\n<hr class=\"wp-block-separator has-alpha-channel-opacity is-style-dots\"\/>\n<!-- \/wp:separator -->\n\n<!-- wp:heading {\"textAlign\":\"center\"} -->\n<h2 class=\"wp-block-heading has-text-align-center\">Nout\u0103\u021bi \u00een magazin<\/h2>\n<!-- \/wp:heading -->\n\n<!-- wp:woocommerce\/product-new {\"columns\":4,\"rows\":1} \/--><\/div>\n<!-- \/wp:woocommerce\/empty-cart-block --><\/div>\n<!-- \/wp:woocommerce\/cart --><\/div>\n<!-- \/wp:group -->\n\n<!-- wp:paragraph -->\n<p><\/p>\n<!-- \/wp:paragraph -->","_et_gb_content_width":"795","footnotes":""},"class_list":["post-11","page","type-page","status-publish","hentry"],"_links":{"self":[{"href":"https:\/\/www.rabten.ro\/en\/wp-json\/wp\/v2\/pages\/11","targetHints":{"allow":["GET"]}}],"collection":[{"href":"https:\/\/www.rabten.ro\/en\/wp-json\/wp\/v2\/pages"}],"about":[{"href":"https:\/\/www.rabten.ro\/en\/wp-json\/wp\/v2\/types\/page"}],"author":[{"embeddable":true,"href":"https:\/\/www.rabten.ro\/en\/wp-json\/wp\/v2\/users\/1"}],"replies":[{"embeddable":true,"href":"https:\/\/www.rabten.ro\/en\/wp-json\/wp\/v2\/comments?post=11"}],"version-history":[{"count":149,"href":"https:\/\/www.rabten.ro\/en\/wp-json\/wp\/v2\/pages\/11\/revisions"}],"predecessor-version":[{"id":244745,"href":"https:\/\/www.rabten.ro\/en\/wp-json\/wp\/v2\/pages\/11\/revisions\/244745"}],"wp:attachment":[{"href":"https:\/\/www.rabten.ro\/en\/wp-json\/wp\/v2\/media?parent=11"}],"curies":[{"name":"wp","href":"https:\/\/api.w.org\/{rel}","templated":true}]}}