{"id":191,"date":"2025-03-19T19:32:41","date_gmt":"2025-03-19T19:32:41","guid":{"rendered":"https:\/\/www.rabten.ro\/?page_id=191"},"modified":"2026-02-01T09:13:19","modified_gmt":"2026-02-01T09:13:19","slug":"teachers","status":"publish","type":"page","link":"https:\/\/www.rabten.ro\/en\/maestri\/","title":{"rendered":"Masters"},"content":{"rendered":"<p>[et_pb_section fb_built=&#8221;1&#8243; _builder_version=&#8221;4.27.4&#8243; _module_preset=&#8221;default&#8221; global_colors_info=&#8221;{}&#8221;][et_pb_row make_equal=&#8221;on&#8221; _builder_version=&#8221;4.27.4&#8243; _module_preset=&#8221;default&#8221; max_width=&#8221;60%&#8221; max_width_tablet=&#8221;95%&#8221; max_width_phone=&#8221;95%&#8221; max_width_last_edited=&#8221;on|tablet&#8221; global_colors_info=&#8221;{}&#8221;][et_pb_column type=&#8221;4_4&#8243; _builder_version=&#8221;4.27.4&#8243; _module_preset=&#8221;default&#8221; global_colors_info=&#8221;{}&#8221;][et_pb_post_title meta=&#8221;off&#8221; featured_image=&#8221;off&#8221; _builder_version=&#8221;4.27.4&#8243; _module_preset=&#8221;default&#8221; title_letter_spacing=&#8221;2px&#8221; text_orientation=&#8221;center&#8221; global_colors_info=&#8221;{}&#8221;][\/et_pb_post_title][et_pb_text _builder_version=&#8221;4.27.4&#8243; _module_preset=&#8221;default&#8221; text_font=&#8221;|600|||||||&#8221; text_font_size=&#8221;16px&#8221; global_colors_info=&#8221;{}&#8221;]<\/p>\n<p>Buddha \u015a\u0101kyamuni a predat \u00eenv\u0103\u0163\u0103turi detaliate, con\u0163in\u00e2nd instruc\u0163iuni precise despre cum pot fi \u00eenvinse pas cu pas problemele mentale \u015fi despre cum pot fi dezvoltate \u015fi aduse la perfec\u0163iune poten\u0163ialurile sale pozitive. Dac\u0103 cineva este suficient de norocos \u00eenc\u00e2t s\u0103 aud\u0103 aceste instruc\u0163iuni de la o persoan\u0103 care a \u00een\u0163eles complet explica\u0163iile lui Buddha, care le-a practicat \u015fi care i-a \u00eemplinit inten\u0163ia, atunci acea persoan\u0103 va putea fi capabil\u0103 la r\u00e2ndul ei s\u0103 elimine din propria minte cauzele suferin\u0163ei, \u015fi s\u0103 mearg\u0103 pe Calea pe care a trecut Cel Iluminat.<\/p>\n<p>Mul\u0163umit\u0103 lan\u0163ului ne\u00eentrerupt de mari mae\u015ftri care au f\u0103cut din \u00eenv\u0103\u0163\u0103turile lui Buddha o experien\u0163\u0103 proprie \u015fi care le-au transmis altor persoane, noi putem, chiar \u015fi \u00een ziua de ast\u0103zi, s\u0103 \u00een\u0163elegem bine \u00eenv\u0103\u0163\u0103turile lui Buddha.<\/p>\n<p>[\/et_pb_text][\/et_pb_column][\/et_pb_row][et_pb_row make_equal=&#8221;on&#8221; _builder_version=&#8221;4.27.4&#8243; _module_preset=&#8221;default&#8221; width=&#8221;90%&#8221; max_width=&#8221;90%&#8221; max_width_tablet=&#8221;95%&#8221; max_width_phone=&#8221;95%&#8221; max_width_last_edited=&#8221;on|tablet&#8221; global_colors_info=&#8221;{}&#8221;][et_pb_column type=&#8221;4_4&#8243; _builder_version=&#8221;4.27.4&#8243; _module_preset=&#8221;default&#8221; global_colors_info=&#8221;{}&#8221;][dsm_card_carousel multiple_slide_row=&#8221;on&#8221; slide_row=&#8221;4&#8243; image_alignment=&#8221;center&#8221; image_width_tablet=&#8221;61%&#8221; image_width_last_edited=&#8221;off|tablet&#8221; _builder_version=&#8221;4.27.5&#8243; _module_preset=&#8221;4dc41dd6-f8bb-4b00-840c-920705c5481a&#8221; header_font_size=&#8221;20px&#8221; subhead_font=&#8221;||||||||&#8221; button_text_size=&#8221;15px&#8221; max_width_tablet=&#8221;60%&#8221; max_width_phone=&#8221;100%&#8221; max_width_last_edited=&#8221;on|desktop&#8221; module_alignment=&#8221;center&#8221; custom_margin=&#8221;||||false|false&#8221; custom_margin_tablet=&#8221;||60px||false|true&#8221; custom_margin_phone=&#8221;|50px||50px|false|true&#8221; custom_margin_last_edited=&#8221;off|tablet&#8221; hover_enabled=&#8221;0&#8243; body_font_size_tablet=&#8221;14px&#8221; body_font_size_phone=&#8221;14px&#8221; body_font_size_last_edited=&#8221;off|desktop&#8221; global_colors_info=&#8221;{}&#8221; sticky_enabled=&#8221;0&#8243;][dsm_card_carousel_child title=&#8221;Kyabje Trijang Dorje Chang&#8221; image=&#8221;https:\/\/www.rabten.ro\/wp-content\/uploads\/2025\/04\/image-asset-e1749195111904.jpeg&#8221; image_background_height=&#8221;50vh&#8221; button_text=&#8221;Cite\u0219te mai departe&#8230;&#8221; button_url=&#8221;@ET-DC@eyJkeW5hbWljIjp0cnVlLCJjb250ZW50IjoicG9zdF9saW5rX3VybF9wYWdlIiwic2V0dGluZ3MiOnsicG9zdF9pZCI6IjY0ODEifX0=@&#8221; _builder_version=&#8221;4.27.5&#8243; _dynamic_attributes=&#8221;button_url&#8221; _module_preset=&#8221;ce27a176-0dfa-42c3-8c27-ff649e2cdeb9&#8243; custom_margin_tablet=&#8221;||||false|false&#8221; custom_margin_last_edited=&#8221;off|tablet&#8221; hover_enabled=&#8221;0&#8243; global_colors_info=&#8221;{}&#8221; parent_button=&#8221;on&#8221; parent_header_level=&#8221;h1&#8243; parent_stretch_image=&#8221;off&#8221; sticky_enabled=&#8221;0&#8243;]<\/p>\n<p><span>Pe vremea c\u00e2nd Buddha tr\u0103ia ca Prin\u0163ul Siddhartha, \u00een palatul tat\u0103lui s\u0103u, el a cerut s\u0103 \u00ee\u015fi viziteze regatul. Regele i-a organizat fiului s\u0103u trei vizite \u00een diferite locuri din Magadha, preg\u0103tind dinainte toate detaliile, pentru a se asigura c\u0103 acesta nu va da peste nicio priveli\u015fte nepl\u0103cut\u0103. Cu toate&#8230;<\/span><\/p>\n<p>[\/dsm_card_carousel_child][dsm_card_carousel_child title=&#8221;Ghe\u0219e Rabten Rinpoce&#8221; image=&#8221;https:\/\/www.rabten.ro\/wp-content\/uploads\/2025\/03\/Geshe-Rabten-Rinpoche.png&#8221; image_background_height=&#8221;50vh&#8221; image_background_position=&#8221;top&#8221; button_text=&#8221;Cite\u0219te mai departe&#8230;&#8221; button_url=&#8221;@ET-DC@eyJkeW5hbWljIjp0cnVlLCJjb250ZW50IjoicG9zdF9saW5rX3VybF9wYWdlIiwic2V0dGluZ3MiOnsicG9zdF9pZCI6IjY0ODYifX0=@&#8221; _builder_version=&#8221;4.27.5&#8243; _dynamic_attributes=&#8221;button_url&#8221; _module_preset=&#8221;default&#8221; hover_enabled=&#8221;0&#8243; global_colors_info=&#8221;{}&#8221; parent_button=&#8221;on&#8221; parent_header_level=&#8221;h1&#8243; parent_stretch_image=&#8221;off&#8221; sticky_enabled=&#8221;0&#8243;]<\/p>\n<p><span>\u201eDin cea mai fraged\u0103 copil\u0103rie, \u00eent\u00e2lneam c\u0103lug\u0103ri \u00eembr\u0103ca\u0163i \u00een robe vi\u015finii care veneau de la marile universitati monahale situate aproape de Lhasa. \u00cei admiram at\u00e2t de mult! Alteori vizitam marele institut al regiunii noastre \u015fi, c\u00e2nd asistam la dezbaterile c\u0103lug\u0103rilor, sim\u0163eam o atrac\u0163ie de nest\u0103vilit; cam pe la v\u00e2rsta de&#8230;<\/span><\/p>\n<p>[\/dsm_card_carousel_child][dsm_card_carousel_child title=&#8221;Gonsar Rinpoce&#8221; image=&#8221;https:\/\/www.rabten.ro\/wp-content\/uploads\/2025\/03\/Gonsar-Rinpoche.png&#8221; image_background_height=&#8221;50vh&#8221; button_text=&#8221;Cite\u0219te mai departe&#8230;&#8221; button_url=&#8221;@ET-DC@eyJkeW5hbWljIjp0cnVlLCJjb250ZW50IjoicG9zdF9saW5rX3VybF9wYWdlIiwic2V0dGluZ3MiOnsicG9zdF9pZCI6IjY0ODkifX0=@&#8221; _builder_version=&#8221;4.27.5&#8243; _dynamic_attributes=&#8221;button_url&#8221; _module_preset=&#8221;default&#8221; hover_enabled=&#8221;0&#8243; global_colors_info=&#8221;{}&#8221; parent_button=&#8221;on&#8221; parent_header_level=&#8221;h1&#8243; parent_stretch_image=&#8221;off&#8221; sticky_enabled=&#8221;0&#8243;]<\/p>\n<p><span>Pe vremea Celui de-al \u015eaptelea Dalai Lama, un t\u00e2n\u0103r din Amdo a cerut s\u0103 fie primit \u00een casa cona\u0163ionalilor s\u0103i din m\u0103n\u0103stirea Sera, de l\u00e2ng\u0103 Lhasa; el a fost refuzat pentru ca \u00eenf\u0103\u0163i\u015farea \u00eei era s\u0103r\u0103c\u0103cioas\u0103 \u015fi ponosit\u0103. Plec\u00e2nd de acolo, dar \u00eenc\u0103 afl\u00e2ndu-se pe terenul m\u0103n\u0103stirii, a \u00eent\u00e2lnit o&#8230;<\/span><\/p>\n<p>[\/dsm_card_carousel_child][dsm_card_carousel_child title=&#8221;Rabten Rinpoce&#8221; image=&#8221;https:\/\/www.rabten.ro\/wp-content\/uploads\/2025\/03\/Rabten-Rinpoche.png&#8221; image_background_height=&#8221;50vh&#8221; image_background_position=&#8221;top&#8221; button_text=&#8221;Cite\u0219te mai departe&#8230;&#8221; button_url=&#8221;@ET-DC@eyJkeW5hbWljIjp0cnVlLCJjb250ZW50IjoicG9zdF9saW5rX3VybF9wYWdlIiwic2V0dGluZ3MiOnsicG9zdF9pZCI6IjY0OTIifX0=@&#8221; _builder_version=&#8221;4.27.5&#8243; _dynamic_attributes=&#8221;button_url&#8221; _module_preset=&#8221;ce27a176-0dfa-42c3-8c27-ff649e2cdeb9&#8243; hover_enabled=&#8221;0&#8243; global_colors_info=&#8221;{}&#8221; parent_button=&#8221;on&#8221; parent_header_level=&#8221;h1&#8243; parent_stretch_image=&#8221;off&#8221; sticky_enabled=&#8221;0&#8243;]<\/p>\n<p><span>Extraordinarele semne care s-au v\u0103zut la moartea lui Geshe, \u00een 1986, i-au f\u0103cut pe discipolii lui s\u0103 \u00ee\u015fi dea seama c\u0103 nu erau doar martorii decesului unui mare \u00eenv\u0103\u0163\u0103tor, ci \u015fi la cel al unui maestru cu adev\u0103rat iluminat. \u00cen lunile care au urmat mor\u0163ii sale, \u00een timp ce meditau&#8230;<\/span><\/p>\n<p>[\/dsm_card_carousel_child][\/dsm_card_carousel][\/et_pb_column][\/et_pb_row][\/et_pb_section]<\/p>\n","protected":false},"excerpt":{"rendered":"<p>Buddha \u015a\u0101kyamuni a predat \u00eenv\u0103\u0163\u0103turi detaliate, con\u0163in\u00e2nd instruc\u0163iuni precise despre cum pot fi \u00eenvinse pas cu pas problemele mentale \u015fi despre cum pot fi dezvoltate \u015fi aduse la perfec\u0163iune poten\u0163ialurile sale pozitive. Dac\u0103 cineva este suficient de norocos \u00eenc\u00e2t s\u0103 aud\u0103 aceste instruc\u0163iuni de la o persoan\u0103 care a \u00een\u0163eles complet explica\u0163iile lui Buddha, care le-a practicat \u015fi care i-a \u00eemplinit inten\u0163ia, atunci acea persoan\u0103 va putea fi capabil\u0103 la r\u00e2ndul ei s\u0103 elimine din propria minte cauzele suferin\u0163ei, \u015fi s\u0103 mearg\u0103 pe Calea pe care a trecut Cel Iluminat. Mul\u0163umit\u0103 lan\u0163ului ne\u00eentrerupt de mari mae\u015ftri care au f\u0103cut din \u00eenv\u0103\u0163\u0103turile lui Buddha o experien\u0163\u0103 proprie \u015fi care le-au transmis altor persoane, noi putem, chiar \u015fi \u00een ziua de ast\u0103zi, s\u0103 \u00een\u0163elegem bine \u00eenv\u0103\u0163\u0103turile lui Buddha.<div class=\"et_pb_with_border et_pb_module dsm_card_carousel dsm_card_carousel_0 dsm_card_carousel_layout_stacked  dsm_card_carousel_equal_height  dsm-card-button-alignment dsm-card-button-alignment-bottom dsm_card_carousel_arrow_outside dsm_card_carousel_arrow_mobile_inside\">\n\t\t\t\t\n\t\t\t\t\n\t\t\t\t\n\t\t\t\t\n\t\t\t\t\n\t\t\t\t\n\t\t\t\t<div class=\"et_pb_module_inner\">\n\t\t\t\t\t\n\t\t\t\n\t\t\t<div class=\"swiper-container dsm_card_carousel_wrapper\" dir=\"ltr\" data-params=\"[{&quot;direction&quot;:&quot;horizontal&quot;,&quot;effect&quot;:&quot;default&quot;,&quot;slider_effect_shadows&quot;:false,&quot;slider_effect_coverflow_rotate&quot;:&quot;30&quot;,&quot;slider_effect_coverflow_depth&quot;:&quot;0&quot;,&quot;loop&quot;:false,&quot;infinite_smooth_scrolling&quot;:false,&quot;slide_to_show&quot;:&quot;4&quot;,&quot;slide_to_show_tablet&quot;:&quot;1&quot;,&quot;slide_to_show_phone&quot;:&quot;1&quot;,&quot;slide_to_scroll&quot;:&quot;1&quot;,&quot;slide_to_scroll_tablet&quot;:&quot;1&quot;,&quot;slide_to_scroll_phone&quot;:&quot;1&quot;,&quot;space_between&quot;:&quot;15&quot;,&quot;space_between_tablet&quot;:&quot;15&quot;,&quot;space_between_phone&quot;:&quot;15&quot;,&quot;centered_slides&quot;:false,&quot;multiple_slide_row&quot;:&quot;on&quot;,&quot;slide_row&quot;:&quot;4&quot;,&quot;slide_row_tablet&quot;:&quot;4&quot;,&quot;slide_row_phone&quot;:&quot;4&quot;,&quot;speed&quot;:&quot;300&quot;,&quot;autoplay&quot;:false,&quot;autoplay_speed&quot;:&quot;3000&quot;,&quot;autoplay_viewport&quot;:&quot;&quot;,&quot;touch_move&quot;:false,&quot;grab&quot;:true,&quot;pause_on_hover&quot;:false,&quot;mousewheel&quot;:false,&quot;auto_height&quot;:false,&quot;equal_height&quot;:false,&quot;equal_height_tablet&quot;:false,&quot;equal_height_phone&quot;:false}]\">\n\t\t\t<div class=\"swiper-wrapper\"><\/div>\n\t\t\t<\/div><div class=\"swiper-button-prev dsm_card_carousel_arrow\" data-icon=\"4\"><\/div><div class=\"swiper-button-next dsm_card_carousel_arrow\" data-icon=\"5\"><\/div><div class=\"swiper-pagination dsm_card_carousel_pagination\"><\/div>\n\t\t\t\t<\/div>\n\t\t\t<\/div><div class=\"dsm_card_carousel_child dsm_card_carousel_child_0 swiper-slide\">\n\t\t\t\t\n\t\t\t\t\n\t\t\t\t\n\t\t\t\t\n\t\t\t\t\n\t\t\t\t\n\t\t\t\t<div class=\"et_pb_module_inner\">\n\t\t\t\t\t\n\t\t\t\n\t\t\t<figure class=\"dsm_card_carousel_child_image_wrapper dsm_card_carousel_child_badge_top_right\"><div class=\"dsm_card_carousel_child_image_background dsm_card_carousel_child_img\"><\/div><\/figure>\n\t\t\t<div class=\"dsm_card_wrapper et_pb_text_align_center et_pb_bg_layout_light\">\n\t\t\t\t\t<h1 class=\"dsm_card_title et_pb_module_header\">Kyabje Trijang Dorje Chang<\/h1>\n\t\t\t\t\t\n\t\t\t\t\t\n\t\t\t\t\t<div class=\"et_pb_button_wrapper\"><a class=\"et_pb_button et_pb_more_button \" href=\"\">Cite\u0219te mai departe...<\/a><\/div>\n\t\t\t\t<\/div>\n\t\t\t\t<\/div>\n\t\t\t<\/div>Pe vremea c\u00e2nd Buddha tr\u0103ia ca Prin\u0163ul Siddhartha, \u00een palatul tat\u0103lui s\u0103u, el a cerut s\u0103 \u00ee\u015fi viziteze regatul. Regele i-a organizat fiului s\u0103u trei vizite \u00een diferite locuri din [&hellip;]<\/p>\n","protected":false},"author":1,"featured_media":0,"parent":0,"menu_order":0,"comment_status":"closed","ping_status":"closed","template":"","meta":{"_et_pb_use_builder":"on","_et_pb_old_content":"","_et_gb_content_width":"","footnotes":""},"class_list":["post-191","page","type-page","status-publish","hentry"],"_links":{"self":[{"href":"https:\/\/www.rabten.ro\/en\/wp-json\/wp\/v2\/pages\/191","targetHints":{"allow":["GET"]}}],"collection":[{"href":"https:\/\/www.rabten.ro\/en\/wp-json\/wp\/v2\/pages"}],"about":[{"href":"https:\/\/www.rabten.ro\/en\/wp-json\/wp\/v2\/types\/page"}],"author":[{"embeddable":true,"href":"https:\/\/www.rabten.ro\/en\/wp-json\/wp\/v2\/users\/1"}],"replies":[{"embeddable":true,"href":"https:\/\/www.rabten.ro\/en\/wp-json\/wp\/v2\/comments?post=191"}],"version-history":[{"count":35,"href":"https:\/\/www.rabten.ro\/en\/wp-json\/wp\/v2\/pages\/191\/revisions"}],"predecessor-version":[{"id":244786,"href":"https:\/\/www.rabten.ro\/en\/wp-json\/wp\/v2\/pages\/191\/revisions\/244786"}],"wp:attachment":[{"href":"https:\/\/www.rabten.ro\/en\/wp-json\/wp\/v2\/media?parent=191"}],"curies":[{"name":"wp","href":"https:\/\/api.w.org\/{rel}","templated":true}]}}