{"id":244285,"date":"2025-10-14T14:40:26","date_gmt":"2025-10-14T14:40:26","guid":{"rendered":"https:\/\/www.rabten.ro\/?page_id=244285"},"modified":"2026-02-01T08:45:27","modified_gmt":"2026-02-01T08:45:27","slug":"applications","status":"publish","type":"page","link":"https:\/\/www.rabten.ro\/en\/aplicatii\/","title":{"rendered":"Apps"},"content":{"rendered":"<p>[et_pb_section fb_built=&#8221;1&#8243; disabled_on=&#8221;off|off|off&#8221; _builder_version=&#8221;4.27.5&#8243; _module_preset=&#8221;default&#8221; custom_padding=&#8221;10px||0px|||&#8221; global_colors_info=&#8221;{}&#8221;][et_pb_row column_structure=&#8221;1_4,1_4,1_4,1_4&#8243; use_custom_gutter=&#8221;on&#8221; gutter_width=&#8221;1&#8243; make_equal=&#8221;on&#8221; disabled_on=&#8221;off|off|off&#8221; _builder_version=&#8221;4.27.5&#8243; _module_preset=&#8221;b6b720cd-9664-48ad-ac2c-494a06212af7&#8243; width=&#8221;60%&#8221; global_module=&#8221;244354&#8243; saved_tabs=&#8221;all&#8221; global_colors_info=&#8221;{}&#8221;][et_pb_column type=&#8221;1_4&#8243; _builder_version=&#8221;4.27.5&#8243; _module_preset=&#8221;default&#8221; display_conditions=&#8221;W10=&#8221; global_colors_info=&#8221;{}&#8221;][et_pb_button button_url=&#8221;@ET-DC@eyJkeW5hbWljIjp0cnVlLCJjb250ZW50IjoicG9zdF9saW5rX3VybF9wYWdlIiwic2V0dGluZ3MiOnsicG9zdF9pZCI6IjI0NDI3MiJ9fQ==@&#8221; button_text=&#8221;Interviuri&#8221; _builder_version=&#8221;4.27.5&#8243; _dynamic_attributes=&#8221;button_url&#8221; _module_preset=&#8221;51e69547-47ba-47b3-8e86-2ce80ee9bd3d&#8221; display_conditions=&#8221;W3siaWQiOiJhOTE3ZjE1Zi0wZThmLTRjNGEtOWFlMy1iYjI5ZDMxMTA1MTciLCJjb25kaXRpb24iOiJwYWdlIiwiY29uZGl0aW9uU2V0dGluZ3MiOnsiZGlzcGxheVJ1bGUiOiJpc05vdCIsImR5bmFtaWNQb3N0cyI6W3sibGFiZWwiOiJJbnRlcnZpdXJpIiwidmFsdWUiOiIyNDQyNzIifV0sInBvc3RUeXBlTGFiZWwiOiJQYWdpbmkiLCJhZG1pbkxhYmVsIjoiUGFnaW5pIiwiZW5hYmxlQ29uZGl0aW9uIjoib24ifSwib3BlcmF0b3IiOiJPUiJ9XQ==&#8221; custom_padding=&#8221;|27px||27px|false|true&#8221; global_colors_info=&#8221;{}&#8221;][\/et_pb_button][et_pb_button button_url=&#8221;@ET-DC@eyJkeW5hbWljIjp0cnVlLCJjb250ZW50IjoicG9zdF9saW5rX3VybF9wYWdlIiwic2V0dGluZ3MiOnsicG9zdF9pZCI6IjI0NDI3MiJ9fQ==@&#8221; button_text=&#8221;Interviuri&#8221; _builder_version=&#8221;4.27.5&#8243; _dynamic_attributes=&#8221;button_url&#8221; _module_preset=&#8221;c08a77e0-18a1-45bc-a5d2-f6eaeacee643&#8243; display_conditions=&#8221;W3siaWQiOiJhOTE3ZjE1Zi0wZThmLTRjNGEtOWFlMy1iYjI5ZDMxMTA1MTciLCJjb25kaXRpb24iOiJwYWdlIiwiY29uZGl0aW9uU2V0dGluZ3MiOnsiZGlzcGxheVJ1bGUiOiJpcyIsImR5bmFtaWNQb3N0cyI6W3sibGFiZWwiOiJJbnRlcnZpdXJpIiwidmFsdWUiOiIyNDQyNzIifV0sInBvc3RUeXBlTGFiZWwiOiJQYWdpbmkiLCJhZG1pbkxhYmVsIjoiUGFnaW5pIiwiZW5hYmxlQ29uZGl0aW9uIjoib24ifSwib3BlcmF0b3IiOiJPUiJ9XQ==&#8221; custom_padding=&#8221;|27px||27px|false|true&#8221; hover_enabled=&#8221;0&#8243; global_colors_info=&#8221;{}&#8221; sticky_enabled=&#8221;0&#8243;][\/et_pb_button][\/et_pb_column][et_pb_column type=&#8221;1_4&#8243; _builder_version=&#8221;4.27.5&#8243; _module_preset=&#8221;default&#8221; display_conditions=&#8221;W10=&#8221; global_colors_info=&#8221;{}&#8221;][et_pb_button button_url=&#8221;@ET-DC@eyJkeW5hbWljIjp0cnVlLCJjb250ZW50IjoicG9zdF9saW5rX3VybF9wYWdlIiwic2V0dGluZ3MiOnsicG9zdF9pZCI6IjI0NDI3OCJ9fQ==@&#8221; button_text=&#8221;Conferin\u0163e&#8221; _builder_version=&#8221;4.27.5&#8243; _dynamic_attributes=&#8221;button_url&#8221; _module_preset=&#8221;51e69547-47ba-47b3-8e86-2ce80ee9bd3d&#8221; display_conditions=&#8221;W3siaWQiOiJhMjMzZDBjMi1jNGIwLTQ1ZDQtOTY0Ni03ZDFkNjQ3OTJiMzEiLCJjb25kaXRpb24iOiJwYWdlIiwiY29uZGl0aW9uU2V0dGluZ3MiOnsiZGlzcGxheVJ1bGUiOiJpc05vdCIsImR5bmFtaWNQb3N0cyI6W3sibGFiZWwiOiJDb25mZXJpbsWjZSIsInZhbHVlIjoiMjQ0Mjc4In1dLCJwb3N0VHlwZUxhYmVsIjoiUGFnaW5pIiwiYWRtaW5MYWJlbCI6IlBhZ2luaSIsImVuYWJsZUNvbmRpdGlvbiI6Im9uIn0sIm9wZXJhdG9yIjoiT1IifV0=&#8221; custom_padding=&#8221;|21px||21px|false|true&#8221; global_colors_info=&#8221;{}&#8221;][\/et_pb_button][et_pb_button button_url=&#8221;@ET-DC@eyJkeW5hbWljIjp0cnVlLCJjb250ZW50IjoicG9zdF9saW5rX3VybF9wYWdlIiwic2V0dGluZ3MiOnsicG9zdF9pZCI6IjI0NDI3OCJ9fQ==@&#8221; button_text=&#8221;Conferin\u0163e&#8221; _builder_version=&#8221;4.27.5&#8243; _dynamic_attributes=&#8221;button_url&#8221; _module_preset=&#8221;c08a77e0-18a1-45bc-a5d2-f6eaeacee643&#8243; display_conditions=&#8221;W3siaWQiOiJhMjMzZDBjMi1jNGIwLTQ1ZDQtOTY0Ni03ZDFkNjQ3OTJiMzEiLCJjb25kaXRpb24iOiJwYWdlIiwiY29uZGl0aW9uU2V0dGluZ3MiOnsiZGlzcGxheVJ1bGUiOiJpcyIsImR5bmFtaWNQb3N0cyI6W3sibGFiZWwiOiJDb25mZXJpbsWjZSIsInZhbHVlIjoiMjQ0Mjc4In1dLCJwb3N0VHlwZUxhYmVsIjoiUGFnaW5pIiwiYWRtaW5MYWJlbCI6IlBhZ2luaSIsImVuYWJsZUNvbmRpdGlvbiI6Im9uIn0sIm9wZXJhdG9yIjoiT1IifV0=&#8221; custom_padding=&#8221;|21px||21px|false|true&#8221; global_colors_info=&#8221;{}&#8221;][\/et_pb_button][\/et_pb_column][et_pb_column type=&#8221;1_4&#8243; _builder_version=&#8221;4.27.5&#8243; _module_preset=&#8221;default&#8221; display_conditions=&#8221;W10=&#8221; global_colors_info=&#8221;{}&#8221;][et_pb_button button_url=&#8221;@ET-DC@eyJkeW5hbWljIjp0cnVlLCJjb250ZW50IjoicG9zdF9saW5rX3VybF9wYWdlIiwic2V0dGluZ3MiOnsicG9zdF9pZCI6IjI0NDI4MSJ9fQ==@&#8221; button_text=&#8221;Texte&#8221; _builder_version=&#8221;4.27.5&#8243; _dynamic_attributes=&#8221;button_url&#8221; _module_preset=&#8221;51e69547-47ba-47b3-8e86-2ce80ee9bd3d&#8221; display_conditions=&#8221;W3siaWQiOiJiMWFjYjZkNC1mZTUzLTQ1NjAtOWE3NC0xYTE1OWI1ZDIxOWQiLCJjb25kaXRpb24iOiJwYWdlIiwiY29uZGl0aW9uU2V0dGluZ3MiOnsiZGlzcGxheVJ1bGUiOiJpc05vdCIsImR5bmFtaWNQb3N0cyI6W3sibGFiZWwiOiJUZXh0ZSIsInZhbHVlIjoiMjQ0MjgxIn1dLCJwb3N0VHlwZUxhYmVsIjoiUGFnaW5pIiwiYWRtaW5MYWJlbCI6IlBhZ2luaSIsImVuYWJsZUNvbmRpdGlvbiI6Im9uIn0sIm9wZXJhdG9yIjoiT1IifV0=&#8221; custom_padding=&#8221;|45px||45px|false|true&#8221; global_colors_info=&#8221;{}&#8221;][\/et_pb_button][et_pb_button button_url=&#8221;@ET-DC@eyJkeW5hbWljIjp0cnVlLCJjb250ZW50IjoicG9zdF9saW5rX3VybF9wYWdlIiwic2V0dGluZ3MiOnsicG9zdF9pZCI6IjI0NDI4MSJ9fQ==@&#8221; button_text=&#8221;Texte&#8221; _builder_version=&#8221;4.27.5&#8243; _dynamic_attributes=&#8221;button_url&#8221; _module_preset=&#8221;c08a77e0-18a1-45bc-a5d2-f6eaeacee643&#8243; display_conditions=&#8221;W3siaWQiOiJiMWFjYjZkNC1mZTUzLTQ1NjAtOWE3NC0xYTE1OWI1ZDIxOWQiLCJjb25kaXRpb24iOiJwYWdlIiwiY29uZGl0aW9uU2V0dGluZ3MiOnsiZGlzcGxheVJ1bGUiOiJpcyIsImR5bmFtaWNQb3N0cyI6W3sibGFiZWwiOiJUZXh0ZSIsInZhbHVlIjoiMjQ0MjgxIn1dLCJwb3N0VHlwZUxhYmVsIjoiUGFnaW5pIiwiYWRtaW5MYWJlbCI6IlBhZ2luaSIsImVuYWJsZUNvbmRpdGlvbiI6Im9uIn0sIm9wZXJhdG9yIjoiT1IifV0=&#8221; custom_padding=&#8221;|45px||45px|false|true&#8221; global_colors_info=&#8221;{}&#8221;][\/et_pb_button][\/et_pb_column][et_pb_column type=&#8221;1_4&#8243; _builder_version=&#8221;4.27.5&#8243; _module_preset=&#8221;default&#8221; display_conditions=&#8221;W10=&#8221; global_colors_info=&#8221;{}&#8221;][et_pb_button button_url=&#8221;@ET-DC@eyJkeW5hbWljIjp0cnVlLCJjb250ZW50IjoicG9zdF9saW5rX3VybF9wYWdlIiwic2V0dGluZ3MiOnsicG9zdF9pZCI6IjI0NDI4NSJ9fQ==@&#8221; button_text=&#8221;Aplica\u0163ii&#8221; _builder_version=&#8221;4.27.5&#8243; _dynamic_attributes=&#8221;button_url&#8221; _module_preset=&#8221;51e69547-47ba-47b3-8e86-2ce80ee9bd3d&#8221; display_conditions=&#8221;W3siaWQiOiI0ZDU1MTNiNC0zYThlLTRmNWItOTEyMS02YWU5NmNlYTM3OGIiLCJjb25kaXRpb24iOiJwYWdlIiwiY29uZGl0aW9uU2V0dGluZ3MiOnsiZGlzcGxheVJ1bGUiOiJpc05vdCIsImR5bmFtaWNQb3N0cyI6W3sibGFiZWwiOiJBcGxpY2HFo2lpIiwidmFsdWUiOiIyNDQyODUifV0sInBvc3RUeXBlTGFiZWwiOiJQYWdpbmkiLCJhZG1pbkxhYmVsIjoiUGFnaW5pIiwiZW5hYmxlQ29uZGl0aW9uIjoib24ifSwib3BlcmF0b3IiOiJPUiJ9XQ==&#8221; custom_padding=&#8221;|32px||32px|false|true&#8221; global_colors_info=&#8221;{}&#8221;][\/et_pb_button][et_pb_button button_url=&#8221;@ET-DC@eyJkeW5hbWljIjp0cnVlLCJjb250ZW50IjoicG9zdF9saW5rX3VybF9wYWdlIiwic2V0dGluZ3MiOnsicG9zdF9pZCI6IjI0NDI4NSJ9fQ==@&#8221; button_text=&#8221;Aplica\u0163ii&#8221; _builder_version=&#8221;4.27.5&#8243; _dynamic_attributes=&#8221;button_url&#8221; _module_preset=&#8221;c08a77e0-18a1-45bc-a5d2-f6eaeacee643&#8243; display_conditions=&#8221;W3siaWQiOiI0ZDU1MTNiNC0zYThlLTRmNWItOTEyMS02YWU5NmNlYTM3OGIiLCJjb25kaXRpb24iOiJwYWdlIiwiY29uZGl0aW9uU2V0dGluZ3MiOnsiZGlzcGxheVJ1bGUiOiJpcyIsImR5bmFtaWNQb3N0cyI6W3sibGFiZWwiOiJBcGxpY2HFo2lpIiwidmFsdWUiOiIyNDQyODUifV0sInBvc3RUeXBlTGFiZWwiOiJQYWdpbmkiLCJhZG1pbkxhYmVsIjoiUGFnaW5pIiwiZW5hYmxlQ29uZGl0aW9uIjoib24ifSwib3BlcmF0b3IiOiJPUiJ9XQ==&#8221; custom_padding=&#8221;|32px||32px|false|true&#8221; global_colors_info=&#8221;{}&#8221;][\/et_pb_button][\/et_pb_column][\/et_pb_row][\/et_pb_section][et_pb_section fb_built=&#8221;1&#8243; _builder_version=&#8221;4.27.4&#8243; _module_preset=&#8221;default&#8221; custom_padding=&#8221;5px|||||&#8221; global_module=&#8221;244450&#8243; saved_tabs=&#8221;all&#8221; global_colors_info=&#8221;{}&#8221;][et_pb_row _builder_version=&#8221;4.27.4&#8243; _module_preset=&#8221;default&#8221; global_colors_info=&#8221;{}&#8221;][et_pb_column type=&#8221;4_4&#8243; _builder_version=&#8221;4.27.4&#8243; _module_preset=&#8221;default&#8221; global_colors_info=&#8221;{}&#8221;][et_pb_text _builder_version=&#8221;4.27.4&#8243; _module_preset=&#8221;default&#8221; header_text_align=&#8221;center&#8221; global_colors_info=&#8221;{}&#8221;]<\/p>\n<h1>Aplica\u0163ii<\/h1>\n<p>[\/et_pb_text][\/et_pb_column][\/et_pb_row][et_pb_row column_structure=&#8221;1_3,1_3,1_3&#8243; _builder_version=&#8221;4.27.5&#8243; _module_preset=&#8221;default&#8221; global_colors_info=&#8221;{}&#8221;][et_pb_column type=&#8221;1_3&#8243; _builder_version=&#8221;4.27.4&#8243; _module_preset=&#8221;default&#8221; global_colors_info=&#8221;{}&#8221;][et_pb_image src=&#8221;https:\/\/www.rabten.ro\/wp-content\/uploads\/2025\/08\/492x0w.webp&#8221; title_text=&#8221;492x0w&#8221; show_bottom_space=&#8221;off&#8221; align=&#8221;center&#8221; _builder_version=&#8221;4.27.4&#8243; _module_preset=&#8221;default&#8221; width=&#8221;20%&#8221; border_radii=&#8221;on|10px|10px|10px|10px&#8221; global_colors_info=&#8221;{}&#8221;][\/et_pb_image][et_pb_text _builder_version=&#8221;4.27.4&#8243; _module_preset=&#8221;default&#8221; text_orientation=&#8221;center&#8221; custom_margin=&#8221;||9px|||&#8221; global_colors_info=&#8221;{}&#8221;]<\/p>\n<p><strong>Dharma Treasure<br \/><\/strong>Descarc\u0103 aplica\u0163ia:<\/p>\n<p>[\/et_pb_text][et_pb_button button_url=&#8221;https:\/\/play.google.com\/store\/apps\/details?id=rabten.eu.treasure&#038;pcampaignid=web_share&#8221; url_new_window=&#8221;on&#8221; button_text=&#8221;Get it on Google Play&#8221; button_alignment=&#8221;center&#8221; disabled_on=&#8221;off|off|off&#8221; admin_label=&#8221;Button (mac os)&#8221; _builder_version=&#8221;4.27.4&#8243; button_text_size=&#8221;1px&#8221; button_text_color=&#8221;#000000&#8243; button_bg_image=&#8221;https:\/\/www.rabten.ro\/wp-content\/uploads\/2025\/08\/Google_Play_Store_badge_EN.svg.png&#8221; button_border_width=&#8221;0px&#8221; button_border_radius=&#8221;4px&#8221; button_letter_spacing=&#8221;2.5px&#8221; button_font=&#8221;|700|||||||&#8221; button_icon=&#8221;&#x39;||divi||400&#8243; button_icon_placement=&#8221;left&#8221; display_conditions=&#8221;W10=&#8221; custom_margin=&#8221;||7px|||&#8221; custom_padding=&#8221;16px|20px|16px|40px|true|false&#8221; custom_padding_tablet=&#8221;&#8221; custom_padding_phone=&#8221;12px|12px|12px|28px|true|false&#8221; custom_padding_last_edited=&#8221;on|desktop&#8221; box_shadow_style=&#8221;preset3&#8243; box_shadow_vertical=&#8221;20px&#8221; box_shadow_blur=&#8221;40px&#8221; box_shadow_spread=&#8221;0px&#8221; locked=&#8221;off&#8221; global_colors_info=&#8221;{}&#8221;][\/et_pb_button][et_pb_button button_url=&#8221;https:\/\/apps.apple.com\/us\/app\/dharma-treasure\/id614715478&#8243; url_new_window=&#8221;on&#8221; button_text=&#8221;Download on the App Store&#8221; button_alignment=&#8221;center&#8221; disabled_on=&#8221;off|off|off&#8221; admin_label=&#8221;Button (mac os)&#8221; _builder_version=&#8221;4.27.4&#8243; button_text_size=&#8221;1px&#8221; button_text_color=&#8221;#000000&#8243; button_bg_image=&#8221;https:\/\/www.rabten.ro\/wp-content\/uploads\/2025\/08\/Download_on_the_App_Store_Badge.svg.png&#8221; button_border_width=&#8221;0px&#8221; button_border_radius=&#8221;4px&#8221; button_letter_spacing=&#8221;2px&#8221; button_font=&#8221;|700|||||||&#8221; button_icon=&#8221;&#x39;||divi||400&#8243; button_icon_placement=&#8221;left&#8221; display_conditions=&#8221;W10=&#8221; custom_padding=&#8221;16px|20px|16px|40px|true|false&#8221; custom_padding_tablet=&#8221;&#8221; custom_padding_phone=&#8221;12px|12px|12px|28px|true|false&#8221; custom_padding_last_edited=&#8221;on|desktop&#8221; box_shadow_style=&#8221;preset3&#8243; box_shadow_vertical=&#8221;20px&#8221; box_shadow_blur=&#8221;40px&#8221; box_shadow_spread=&#8221;0px&#8221; locked=&#8221;off&#8221; global_colors_info=&#8221;{}&#8221;][\/et_pb_button][\/et_pb_column][et_pb_column type=&#8221;1_3&#8243; _builder_version=&#8221;4.27.4&#8243; _module_preset=&#8221;default&#8221; global_colors_info=&#8221;{}&#8221;][et_pb_image src=&#8221;https:\/\/www.rabten.ro\/wp-content\/uploads\/2025\/10\/calendar.webp&#8221; title_text=&#8221;calendar&#8221; show_bottom_space=&#8221;off&#8221; align=&#8221;center&#8221; _builder_version=&#8221;4.27.4&#8243; _module_preset=&#8221;default&#8221; width=&#8221;20%&#8221; border_radii=&#8221;on|10px|10px|10px|10px&#8221; global_colors_info=&#8221;{}&#8221;][\/et_pb_image][et_pb_text _builder_version=&#8221;4.27.4&#8243; _module_preset=&#8221;default&#8221; text_orientation=&#8221;center&#8221; custom_margin=&#8221;||9px|||&#8221; global_colors_info=&#8221;{}&#8221;]<\/p>\n<p><strong>Tibetan Calendar<\/strong><br \/>Descarc\u0103 aplica\u0163ia:<\/p>\n<p>[\/et_pb_text][et_pb_button button_url=&#8221;https:\/\/play.google.com\/store\/apps\/details?id=rabten.eu.calendar&#038;pcampaignid=web_share&#8221; url_new_window=&#8221;on&#8221; button_text=&#8221;Get it on Google Play&#8221; button_alignment=&#8221;center&#8221; disabled_on=&#8221;off|off|off&#8221; admin_label=&#8221;Button (mac os)&#8221; _builder_version=&#8221;4.27.4&#8243; button_text_size=&#8221;1px&#8221; button_text_color=&#8221;#000000&#8243; button_bg_image=&#8221;https:\/\/www.rabten.ro\/wp-content\/uploads\/2025\/08\/Google_Play_Store_badge_EN.svg.png&#8221; button_border_width=&#8221;0px&#8221; button_border_radius=&#8221;4px&#8221; button_letter_spacing=&#8221;2.5px&#8221; button_font=&#8221;|700|||||||&#8221; button_icon=&#8221;&#x39;||divi||400&#8243; button_icon_placement=&#8221;left&#8221; display_conditions=&#8221;W10=&#8221; custom_margin=&#8221;||7px|||&#8221; custom_padding=&#8221;16px|20px|16px|40px|true|false&#8221; custom_padding_tablet=&#8221;&#8221; custom_padding_phone=&#8221;12px|12px|12px|28px|true|false&#8221; custom_padding_last_edited=&#8221;on|desktop&#8221; box_shadow_style=&#8221;preset3&#8243; box_shadow_vertical=&#8221;20px&#8221; box_shadow_blur=&#8221;40px&#8221; box_shadow_spread=&#8221;0px&#8221; locked=&#8221;off&#8221; global_colors_info=&#8221;{}&#8221;][\/et_pb_button][et_pb_button button_url=&#8221;https:\/\/apps.apple.com\/us\/app\/tibetan-buddhist-calendar\/id590361779&#8243; url_new_window=&#8221;on&#8221; button_text=&#8221;Download on the App Store&#8221; button_alignment=&#8221;center&#8221; disabled_on=&#8221;off|off|off&#8221; admin_label=&#8221;Button (mac os)&#8221; _builder_version=&#8221;4.27.4&#8243; button_text_size=&#8221;1px&#8221; button_text_color=&#8221;#000000&#8243; button_bg_image=&#8221;https:\/\/www.rabten.ro\/wp-content\/uploads\/2025\/08\/Download_on_the_App_Store_Badge.svg.png&#8221; button_border_width=&#8221;0px&#8221; button_border_radius=&#8221;4px&#8221; button_letter_spacing=&#8221;2px&#8221; button_font=&#8221;|700|||||||&#8221; button_icon=&#8221;&#x39;||divi||400&#8243; button_icon_placement=&#8221;left&#8221; display_conditions=&#8221;W10=&#8221; custom_padding=&#8221;16px|20px|16px|40px|true|false&#8221; custom_padding_tablet=&#8221;&#8221; custom_padding_phone=&#8221;12px|12px|12px|28px|true|false&#8221; custom_padding_last_edited=&#8221;on|desktop&#8221; box_shadow_style=&#8221;preset3&#8243; box_shadow_vertical=&#8221;20px&#8221; box_shadow_blur=&#8221;40px&#8221; box_shadow_spread=&#8221;0px&#8221; locked=&#8221;off&#8221; global_colors_info=&#8221;{}&#8221;][\/et_pb_button][\/et_pb_column][et_pb_column type=&#8221;1_3&#8243; _builder_version=&#8221;4.27.4&#8243; _module_preset=&#8221;default&#8221; global_colors_info=&#8221;{}&#8221;][et_pb_image src=&#8221;https:\/\/www.rabten.ro\/wp-content\/uploads\/2025\/10\/tibetan.webp&#8221; title_text=&#8221;tibetan&#8221; show_bottom_space=&#8221;off&#8221; align=&#8221;center&#8221; _builder_version=&#8221;4.27.4&#8243; _module_preset=&#8221;default&#8221; width=&#8221;20%&#8221; border_radii=&#8221;on|10px|10px|10px|10px&#8221; global_colors_info=&#8221;{}&#8221;][\/et_pb_image][et_pb_text _builder_version=&#8221;4.27.4&#8243; _module_preset=&#8221;default&#8221; text_orientation=&#8221;center&#8221; custom_margin=&#8221;||9px|||&#8221; global_colors_info=&#8221;{}&#8221;]<\/p>\n<p><strong>Tibetan Up-to-Date<br \/><\/strong>Descarc\u0103 aplica\u0163ia:<\/p>\n<p>[\/et_pb_text][et_pb_button button_url=&#8221;https:\/\/play.google.com\/store\/apps\/details?id=rabten.eu.tibetan&#038;pcampaignid=web_share&#8221; url_new_window=&#8221;on&#8221; button_text=&#8221;Get it on Google Play&#8221; button_alignment=&#8221;center&#8221; disabled_on=&#8221;off|off|off&#8221; admin_label=&#8221;Button (mac os)&#8221; _builder_version=&#8221;4.27.4&#8243; button_text_size=&#8221;1px&#8221; button_text_color=&#8221;#000000&#8243; button_bg_image=&#8221;https:\/\/www.rabten.ro\/wp-content\/uploads\/2025\/08\/Google_Play_Store_badge_EN.svg.png&#8221; button_border_width=&#8221;0px&#8221; button_border_radius=&#8221;4px&#8221; button_letter_spacing=&#8221;2.5px&#8221; button_font=&#8221;|700|||||||&#8221; button_icon=&#8221;&#x39;||divi||400&#8243; button_icon_placement=&#8221;left&#8221; display_conditions=&#8221;W10=&#8221; custom_margin=&#8221;||7px|||&#8221; custom_padding=&#8221;16px|20px|16px|40px|true|false&#8221; custom_padding_tablet=&#8221;&#8221; custom_padding_phone=&#8221;12px|12px|12px|28px|true|false&#8221; custom_padding_last_edited=&#8221;on|desktop&#8221; box_shadow_style=&#8221;preset3&#8243; box_shadow_vertical=&#8221;20px&#8221; box_shadow_blur=&#8221;40px&#8221; box_shadow_spread=&#8221;0px&#8221; locked=&#8221;off&#8221; global_colors_info=&#8221;{}&#8221;][\/et_pb_button][et_pb_button button_url=&#8221;https:\/\/apps.apple.com\/us\/app\/tibetan\/id1268315991&#8243; url_new_window=&#8221;on&#8221; button_text=&#8221;Download on the App Store&#8221; button_alignment=&#8221;center&#8221; disabled_on=&#8221;off|off|off&#8221; admin_label=&#8221;Button (mac os)&#8221; _builder_version=&#8221;4.27.4&#8243; button_text_size=&#8221;1px&#8221; button_text_color=&#8221;#000000&#8243; button_bg_image=&#8221;https:\/\/www.rabten.ro\/wp-content\/uploads\/2025\/08\/Download_on_the_App_Store_Badge.svg.png&#8221; button_border_width=&#8221;0px&#8221; button_border_radius=&#8221;4px&#8221; button_letter_spacing=&#8221;2px&#8221; button_font=&#8221;|700|||||||&#8221; button_icon=&#8221;&#x39;||divi||400&#8243; button_icon_placement=&#8221;left&#8221; display_conditions=&#8221;W10=&#8221; custom_padding=&#8221;16px|20px|16px|40px|true|false&#8221; custom_padding_tablet=&#8221;&#8221; custom_padding_phone=&#8221;12px|12px|12px|28px|true|false&#8221; custom_padding_last_edited=&#8221;on|desktop&#8221; box_shadow_style=&#8221;preset3&#8243; box_shadow_vertical=&#8221;20px&#8221; box_shadow_blur=&#8221;40px&#8221; box_shadow_spread=&#8221;0px&#8221; locked=&#8221;off&#8221; global_colors_info=&#8221;{}&#8221;][\/et_pb_button][\/et_pb_column][\/et_pb_row][\/et_pb_section]<\/p>\n","protected":false},"excerpt":{"rendered":"<p>Aplica\u0163iiDharma TreasureDescarc\u0103 aplica\u0163ia:Tibetan CalendarDescarc\u0103 aplica\u0163ia:Tibetan Up-to-DateDescarc\u0103 aplica\u0163ia:<\/p>","protected":false},"author":1,"featured_media":0,"parent":0,"menu_order":0,"comment_status":"closed","ping_status":"closed","template":"","meta":{"_et_pb_use_builder":"on","_et_pb_old_content":"","_et_gb_content_width":"","footnotes":""},"class_list":["post-244285","page","type-page","status-publish","hentry"],"_links":{"self":[{"href":"https:\/\/www.rabten.ro\/en\/wp-json\/wp\/v2\/pages\/244285","targetHints":{"allow":["GET"]}}],"collection":[{"href":"https:\/\/www.rabten.ro\/en\/wp-json\/wp\/v2\/pages"}],"about":[{"href":"https:\/\/www.rabten.ro\/en\/wp-json\/wp\/v2\/types\/page"}],"author":[{"embeddable":true,"href":"https:\/\/www.rabten.ro\/en\/wp-json\/wp\/v2\/users\/1"}],"replies":[{"embeddable":true,"href":"https:\/\/www.rabten.ro\/en\/wp-json\/wp\/v2\/comments?post=244285"}],"version-history":[{"count":10,"href":"https:\/\/www.rabten.ro\/en\/wp-json\/wp\/v2\/pages\/244285\/revisions"}],"predecessor-version":[{"id":244781,"href":"https:\/\/www.rabten.ro\/en\/wp-json\/wp\/v2\/pages\/244285\/revisions\/244781"}],"wp:attachment":[{"href":"https:\/\/www.rabten.ro\/en\/wp-json\/wp\/v2\/media?parent=244285"}],"curies":[{"name":"wp","href":"https:\/\/api.w.org\/{rel}","templated":true}]}}