{"id":6486,"date":"2025-03-25T17:35:33","date_gmt":"2025-03-25T17:35:33","guid":{"rendered":"https:\/\/www.rabten.ro\/?page_id=6486"},"modified":"2025-11-20T12:05:04","modified_gmt":"2025-11-20T12:05:04","slug":"ghese-rabten-rinpoce","status":"publish","type":"page","link":"https:\/\/www.rabten.ro\/en\/ghese-rabten-rinpoce\/","title":{"rendered":"Rabten Rinpoche"},"content":{"rendered":"<p>[et_pb_section fb_built=&#8221;1&#8243; _builder_version=&#8221;4.27.4&#8243; _module_preset=&#8221;default&#8221; global_colors_info=&#8221;{}&#8221;][et_pb_row column_structure=&#8221;2_3,1_3&#8243; _builder_version=&#8221;4.27.4&#8243; _module_preset=&#8221;default&#8221; locked=&#8221;off&#8221; global_colors_info=&#8221;{}&#8221;][et_pb_column type=&#8221;2_3&#8243; _builder_version=&#8221;4.27.4&#8243; _module_preset=&#8221;default&#8221; global_colors_info=&#8221;{}&#8221;][et_pb_post_title meta=&#8221;off&#8221; featured_image=&#8221;off&#8221; _builder_version=&#8221;4.27.4&#8243; _module_preset=&#8221;default&#8221; global_colors_info=&#8221;{}&#8221;][\/et_pb_post_title][et_pb_text _builder_version=&#8221;4.27.4&#8243; _module_preset=&#8221;default&#8221; global_colors_info=&#8221;{}&#8221;]<\/p>\n<p>\u201e<em>Din cea mai fraged\u0103 copil\u0103rie, \u00eent\u00e2lneam c\u0103lug\u0103ri \u00eembr\u0103ca\u0163i \u00een robe vi\u015finii care veneau de la marile universitati monahale situate aproape de Lhasa. \u00cei admiram at\u00e2t de mult! Alteori vizitam marele institut al regiunii noastre \u015fi, c\u00e2nd asistam la dezbaterile c\u0103lug\u0103rilor, sim\u0163eam o atrac\u0163ie de nest\u0103vilit; cam pe la v\u00e2rsta de cincisprezece ani, am \u00eenceput s\u0103 remarc c\u00e2t era de simpl\u0103 via\u0163a lor, de curat\u0103 \u015fi trait\u0103 cu folos. \u00cen acela\u015fi timp \u00eemi d\u0103deam seama cum, \u00een compara\u0163ie cu a lor, existen\u0163a mea era complicat\u0103 de repetarea ve\u015fnic\u0103 a acelora\u015fi obliga\u0163ii zilnice.<\/em><\/p>\n<p><em>\u00cenainte de a putea face parte \u00eentr-o zi dintre c\u0103lugarii califica\u0163i ai m\u0103n\u0103stirii de la Dhargye, situata \u00een \u00eemprejurimi, era necesar ca cel putin trei sau patru ani s\u0103 studiezi \u015fi s\u0103-\u0163i antrenezi mintea \u00een doctrina lui Buddha (Buddhadharma) \u00eentr-una din cele trei universit\u0103\u0163i importante situate l\u00e2nga Lhasa. Cu inten\u0163ia de a deveni un c\u0103lug\u0103r calificat al comunit\u0103\u0163ii de la Dhargye, m-am decis s\u0103 merg la una dintre aceste universit\u0103\u0163i monastice. La vremea aceea aveam cam \u015faptesprezece ani \u015fi nu tineam deloc sa devin un mare erudit \u00een Dharma.<\/em>\u201d<span>\u00a0<\/span><strong>Extras din Biografia lui Ghe\u0219e Rabten, \u201eVia\u021ba unui c\u0103lug\u0103r tibetan\u201d<\/strong><\/p>\n<p>Pe c\u00e2nd avea optsprezece ani, Ghe\u0219e Rabten a plecat \u00eentr-o c\u0103l\u0103torie de trei luni, pornind din locurile sale natale din Kham, din Tibetul de Est, \u015fi ajung\u00e2nd la Lhasa, \u00een Tibetul Central, acolo unde a devenit c\u0103lug\u0103r \u00een universitatea monastic\u0103 Sera. \u00cen scurt timp, at\u00e2t profesorii c\u00e2t \u015fi ceilal\u0163i studen\u0163i \u015fi-au dat seama de tr\u0103s\u0103turile sale magnifice de caracter. \u00cen timp ce studia \u015fi medita, el a trecut prin greut\u0103\u0163i incredibile. De aceea, profesorii \u015fi ceilal\u0163i studen\u0163i i-au dat numele de Milarepa. Datorit\u0103 clarit\u0103\u0163ii \u015fi preciziei dezbaterilor sale logice, el a fost comparat cu Dharmakirti, marele logician buddhist. Dup\u0103 ce a studiat \u00een jur de dou\u0103zeci de ani, el a trecut examenul de<em> ghe\u0219e<\/em>, \u00een fa\u0163a c\u0103lug\u0103rilor din cele trei mari m\u0103n\u0103stiri. I s-a conferit titlul cel mai \u00eenalt, de \u201eGhe\u0219e Lharampa\u201d. Aceasta este cea mai mare onoare, care este acordat\u0103 de c\u0103tre examinatori \u015fi de c\u0103tre Sfin\u0163ia Sa Dalai Lama.<\/p>\n<p>\u00cen anul 1964, Ghe\u0219e Rabten a fost ales pentru postul de asistent \u00een filosofie al Sfin\u021biei Sale Dalai Lama, av\u00e2nd at\u00e2t sarcina de a-l asista pe Sfin\u0163ia Sa \u00een timp ce primea \u00eenv\u0103\u0163\u0103turi de la cei doi tutori ai s\u0103i, c\u00e2t \u015fi cea de a se angaja \u00een dezbateri cu Sfin\u0163ia Sa, pe marginea subiectelor filosofice.<\/p>\n<p>\u00cen 1969, Dalai Lama i-a trimis pe primii studen\u0163i occidentali la Ghe\u0219e \u015fi mai t\u00e2rziu, datorit\u0103 num\u0103rului mare de studen\u0163i occidentali, el i-a cerut lui Geshe s\u0103 se mute la m\u0103n\u0103stirea tibetan\u0103 din Rikon (\u00een Elve\u0163ia) pentru a deveni stare\u0163ul acesteia, \u015fi pentru a r\u0103sp\u00e2ndi Dharma. La acea vreme, Ghe\u0219e avea mul\u0163i studen\u0163i tibetani din marile universit\u0103\u0163i monastice din India, dar pentru c\u0103 maestrul s\u0103u principal Kyabje Trijang Rinpoce era tot mai \u00een v\u00e2rst\u0103 \u015fi pentru c\u0103 Ghe\u0219e nu avea niciun interes fa\u0163\u0103 de confortul \u015fi banii Occidentului, el ar fi preferat s\u0103 r\u0103m\u00e2n\u0103 \u00een India. El a fost de acord s\u0103 plece numai atunci c\u00e2nd maestrul s\u0103u i-a indicat c\u0103 \u00eenv\u0103\u0163\u0103turile sale vor fi o mare binecuv\u00e2ntare pentru oamenii din Occident.<\/p>\n<p>Ghe\u0219e a fost primul maestru buddhist tibetan care a adus \u00een Occident tradi\u0163ia Vinaya complet\u0103, precum \u015fi studiul celor cinci mari subiecte ale buddhismului. De aceea, Ghe\u0219e a devenit \u00een Occident \u201epionierul\u201d \u00eenv\u0103\u0163\u0103turilor complete \u015fi complexe ale buddhismului. Numero\u015fi mae\u015ftri faimo\u015fi ast\u0103zi \u00een Occident au fost discipolii lui Ghe\u0219e, de exemplu: Gonsar Rinpoce, Sherpa Rinpoce, Tomthog Rinpoce, Zopa Rinpoce, Lama Yeshe, Ghe\u0219e Penpa, Ghe\u0219e Tenzin Gonpo, Ghe\u0219e Thupten Ngawang, Ghe\u0219e Thubten Trinley, \u015fi a\u015fa mai departe.<\/p>\n<p>Aproape ca nimeni altul, Ghe\u0219e Rinpoce a reu\u015fit s\u0103 fac\u0103 accesibil\u0103 esen\u0163a \u00eenv\u0103\u021b\u0103turii lui Buddha \u0219i s\u0103-i apropie pe ascult\u0103tori de ea. Indiferent dac\u0103 cel care asculta era din Occident sau din Asia, oricine \u00eei urm\u0103rea cuvintele sim\u0163ea cum \u00eei dispare toat\u0103 neclaritatea, \u015fi cum \u00een loc ap\u0103rea o\u00a0 claritate \u015fi un calm care \u00eei cuprindeau mintea. Exemplele sale i-au \u00eencurajat pe oameni s\u0103 adopte un mod sincer de a ac\u0163iona. Orice ar fi explicat, el \u00eei d\u0103dea discipolului sentimentul c\u0103 aude o descriere a trecutului sau a viitorului, sau secretele lor cele mai intime, de parc\u0103 toate acestea s-ar fi aflat \u00een palma lui Ghe\u0219e.<\/p>\n<p>Ghe\u0219e a fondat Centrul pentru \u00cenalte Studii Tibetane Rabten Choeling (ini\u0163ial, Tharpa Choeling) din apropierea lacului Geneva, Centrul Tibetan din Hamburg, Centrul Tashi Rabten din Letzehof, Centrul Puntsog Rabten \u00een Munchen, \u015fi Centrul Gephel Ling \u00een Milano.<\/p>\n<p>[\/et_pb_text][et_pb_button button_url=&#8221;@ET-DC@eyJkeW5hbWljIjp0cnVlLCJjb250ZW50IjoicG9zdF9saW5rX3VybF9wYWdlIiwic2V0dGluZ3MiOnsicG9zdF9pZCI6IjE5MSJ9fQ==@&#8221; button_text=&#8221;Mae\u0219trii&#8221; _builder_version=&#8221;4.27.4&#8243; _dynamic_attributes=&#8221;button_url&#8221; _module_preset=&#8221;default&#8221; custom_button=&#8221;on&#8221; button_text_color=&#8221;#E09900&#8243; locked=&#8221;off&#8221; global_colors_info=&#8221;{}&#8221;][\/et_pb_button][\/et_pb_column][et_pb_column type=&#8221;1_3&#8243; _builder_version=&#8221;4.27.4&#8243; _module_preset=&#8221;default&#8221; global_colors_info=&#8221;{}&#8221;][et_pb_post_title title=&#8221;off&#8221; meta=&#8221;off&#8221; _builder_version=&#8221;4.27.4&#8243; _module_preset=&#8221;default&#8221; global_colors_info=&#8221;{}&#8221;][\/et_pb_post_title][\/et_pb_column][\/et_pb_row][\/et_pb_section]<\/p>\n","protected":false},"excerpt":{"rendered":"<p>\u201eDin cea mai fraged\u0103 copil\u0103rie, \u00eent\u00e2lneam c\u0103lug\u0103ri \u00eembr\u0103ca\u0163i \u00een robe vi\u015finii care veneau de la marile universitati monahale situate aproape de Lhasa. \u00cei admiram at\u00e2t de mult! Alteori vizitam marele institut al regiunii noastre \u015fi, c\u00e2nd asistam la dezbaterile c\u0103lug\u0103rilor, sim\u0163eam o atrac\u0163ie de nest\u0103vilit; cam pe la v\u00e2rsta de cincisprezece ani, am \u00eenceput s\u0103 remarc c\u00e2t era de simpl\u0103 via\u0163a lor, de curat\u0103 \u015fi trait\u0103 cu folos. \u00cen acela\u015fi timp \u00eemi d\u0103deam seama cum, \u00een compara\u0163ie cu a lor, existen\u0163a mea era complicat\u0103 de repetarea ve\u015fnic\u0103 a acelora\u015fi obliga\u0163ii zilnice. \u00cenainte de a putea face parte \u00eentr-o zi dintre c\u0103lugarii califica\u0163i ai m\u0103n\u0103stirii de la Dhargye, situata \u00een \u00eemprejurimi, era necesar ca cel putin trei sau patru ani s\u0103 studiezi \u015fi s\u0103-\u0163i antrenezi mintea \u00een doctrina lui Buddha (Buddhadharma) \u00eentr-una din cele trei universit\u0103\u0163i importante situate l\u00e2nga Lhasa. Cu inten\u0163ia de a deveni un c\u0103lug\u0103r calificat al comunit\u0103\u0163ii de la Dhargye, m-am decis s\u0103 merg la una dintre aceste universit\u0103\u0163i monastice. La vremea aceea aveam cam \u015faptesprezece ani \u015fi nu tineam deloc sa devin un mare erudit \u00een Dharma.\u201d\u00a0Extras din Biografia lui Ghe\u0219e Rabten, \u201eVia\u021ba unui c\u0103lug\u0103r tibetan\u201d Pe c\u00e2nd avea optsprezece ani, Ghe\u0219e Rabten a plecat \u00eentr-o c\u0103l\u0103torie [&hellip;]<\/p>\n","protected":false},"author":1,"featured_media":6475,"parent":0,"menu_order":0,"comment_status":"closed","ping_status":"closed","template":"","meta":{"_et_pb_use_builder":"on","_et_pb_old_content":"","_et_gb_content_width":"","footnotes":""},"class_list":["post-6486","page","type-page","status-publish","has-post-thumbnail","hentry"],"_links":{"self":[{"href":"https:\/\/www.rabten.ro\/en\/wp-json\/wp\/v2\/pages\/6486","targetHints":{"allow":["GET"]}}],"collection":[{"href":"https:\/\/www.rabten.ro\/en\/wp-json\/wp\/v2\/pages"}],"about":[{"href":"https:\/\/www.rabten.ro\/en\/wp-json\/wp\/v2\/types\/page"}],"author":[{"embeddable":true,"href":"https:\/\/www.rabten.ro\/en\/wp-json\/wp\/v2\/users\/1"}],"replies":[{"embeddable":true,"href":"https:\/\/www.rabten.ro\/en\/wp-json\/wp\/v2\/comments?post=6486"}],"version-history":[{"count":4,"href":"https:\/\/www.rabten.ro\/en\/wp-json\/wp\/v2\/pages\/6486\/revisions"}],"predecessor-version":[{"id":244484,"href":"https:\/\/www.rabten.ro\/en\/wp-json\/wp\/v2\/pages\/6486\/revisions\/244484"}],"wp:featuredmedia":[{"embeddable":true,"href":"https:\/\/www.rabten.ro\/en\/wp-json\/wp\/v2\/media\/6475"}],"wp:attachment":[{"href":"https:\/\/www.rabten.ro\/en\/wp-json\/wp\/v2\/media?parent=6486"}],"curies":[{"name":"wp","href":"https:\/\/api.w.org\/{rel}","templated":true}]}}