{"id":6489,"date":"2025-03-25T17:36:43","date_gmt":"2025-03-25T17:36:43","guid":{"rendered":"https:\/\/www.rabten.ro\/?page_id=6489"},"modified":"2025-11-20T12:19:06","modified_gmt":"2025-11-20T12:19:06","slug":"gonsar-rinpoce","status":"publish","type":"page","link":"https:\/\/www.rabten.ro\/en\/gonsar-rinpoce\/","title":{"rendered":"Gonsar Rinpoche"},"content":{"rendered":"<p>[et_pb_section fb_built=&#8221;1&#8243; _builder_version=&#8221;4.27.4&#8243; _module_preset=&#8221;default&#8221; global_colors_info=&#8221;{}&#8221;][et_pb_row column_structure=&#8221;2_3,1_3&#8243; _builder_version=&#8221;4.27.4&#8243; _module_preset=&#8221;default&#8221; locked=&#8221;off&#8221; global_colors_info=&#8221;{}&#8221;][et_pb_column type=&#8221;2_3&#8243; _builder_version=&#8221;4.27.4&#8243; _module_preset=&#8221;default&#8221; global_colors_info=&#8221;{}&#8221;][et_pb_post_title meta=&#8221;off&#8221; featured_image=&#8221;off&#8221; _builder_version=&#8221;4.27.4&#8243; _module_preset=&#8221;default&#8221; global_colors_info=&#8221;{}&#8221;][\/et_pb_post_title][et_pb_text _builder_version=&#8221;4.27.4&#8243; _module_preset=&#8221;default&#8221; global_colors_info=&#8221;{}&#8221;]<\/p>\n<p>Pe vremea Celui de-al \u015eaptelea Dalai Lama, un t\u00e2n\u0103r din Amdo a cerut s\u0103 fie primit \u00een casa cona\u0163ionalilor s\u0103i din m\u0103n\u0103stirea Sera, de l\u00e2ng\u0103 Lhasa; el a fost refuzat pentru ca \u00eenf\u0103\u0163i\u015farea \u00eei era s\u0103r\u0103c\u0103cioas\u0103 \u015fi ponosit\u0103. Plec\u00e2nd de acolo, dar \u00eenc\u0103 afl\u00e2ndu-se pe terenul m\u0103n\u0103stirii, a \u00eent\u00e2lnit o b\u0103tr\u00e2n\u0103 care i-a dat ideea s\u0103 cear\u0103 s\u0103 fie primit \u00een Casa Chadrel, \u015fi care l-a asigurat c\u0103 locul lui era acolo. A f\u0103cut dup\u0103 cum i s-a spus, \u015fi dup\u0103 ce a fost admis \u00een m\u0103n\u0103stire, el a studiat cu un mare entuziasm. \u00cen scurt timp, au devenit evidente calit\u0103\u0163ile sale de mare maestru. El a devenit faimos sub numele de maestrul Ngawang Th\u00f6ndrup, \u015fi a slujit foarte mult \u00eenv\u0103\u0163\u0103turile lui Buddha, at\u00e2t ca stare\u0163 al m\u0103n\u0103stirii Sera Je, c\u00e2t \u015fi ca unul dintre tutorii Sfin\u0163iei Sale Dalai Lama al Optulea. El a petrecut mult timp \u00een medita\u0163ie \u00eentr-o pe\u015fter\u0103 din muntele Ghephel de l\u00e2ng\u0103 Lhasa, unde a fost construit\u0103 mai t\u00e2rziu m\u0103n\u0103stirea de retragere Gonsar. Atunci c\u00e2nd oamenii din Lhasa au v\u0103zut noua m\u0103n\u0103stire, ei au \u00eenceput s\u0103-i spun\u0103 \u201eGonsar Rinpoce\u201d, ceea ce \u00een limba tibetan\u0103 \u00eenseamn\u0103 \u201ePre\u021biosul Lama al noii m\u0103n\u0103stiri\u201d. Acest nume a r\u0103mas \u00een linia de Gonsar Rinpoce p\u00e2n\u0103 \u00een zilele noastre. B\u0103tr\u00e2na care l-a condus pe primul Gonsar Rinpoce la Casa Chadrel din universitatea Sera a ajuns s\u0103 fie recunoscut\u0103 drept o manifestare a lui Palden Lhamo (Zei\u0163a mam\u0103 protectoare).<\/p>\n<p>Cel de-al patrulea Gonsar Rinpoce, \u00eencarnarea precedent\u0103 a celei actuale, a studiat tot la m\u0103n\u0103stirea Sera. Dup\u0103 ce \u015fi-a terminat studiile \u015fi \u015fi-a luat examenele de Ghe\u0219e \u00eenainte de dou\u0103 zeci \u015fi cinci de ani, el s-a dus \u00een Mongolia \u015fi a devenit unul dintre cei mai mari mae\u015ftri buddhi\u015fti din aceast\u0103 \u0163ar\u0103, din vremurile mai recente. Pred\u00e2nd acolo timp de mai mult de treizeci de ani \u015fi manifest\u00e2nd deseori puteri supranaturale, el a fost foarte pre\u0163uit de c\u0103tre oameni, \u015fi aproape to\u0163i mae\u015ftrii contemporani ai Mongoliei, cum ar fi \u021aen\u0219ab Ngawang Dorje, \u021aen\u0219ab Ng\u00f6drub \u021aognyi, Ghe\u0219e Ngawang Nyima, Ghe\u0219e Senge, Guru Deva Rinpoce, etc. i-au devenit discipoli. El s-a \u00eentors \u00een Tibet la \u00eenceputul revolu\u0163iei bol\u015fevice, unde \u015fi-a continuat activit\u0103\u0163ile vaste. P\u0103rin\u0163ii \u015fi fratele mai mare al Sfin\u0163iei Sale Dalai Lama al Paisprezecelea, pe nume Taktser Rinpoche, se num\u0103r\u0103 printre distin\u015fii s\u0103i discipoli.<\/p>\n<p>Actualul Gonsar Rinpoce s-a n\u0103scut \u00een 1949 \u00een Shigatse, Tibet, \u00eentr-o familie aristocrat\u0103 despre care se \u015ftie c\u0103 sunt descenden\u0163ii vechilor regi ai Tibetului. Pe atunci, tat\u0103l s\u0103u era guvernatorul provinciei Tsang din Tibetul de Vest. La v\u00e2rsta de trei ani, Gonsar Rinpoce a fost recunoscut drept a cincea \u00eencarnare (<em>tulku<\/em>) din linia Gonsar Rinpoce, fapt confirmat de c\u0103tre Sfin\u0163ia Sa Dalai Lama. La v\u00e2rsta de \u015fase ani, el a intrat \u00een m\u0103n\u0103stirea Sera, care era pe atunci a doua mare universitate monastic\u0103 din Tibet. \u00cenc\u0103 de la \u00eenceput, el a fost crescut \u015fi instruit sub bl\u00e2nda \u00eengrijire a Venerabilului Ghe\u0219e Rabten. Gonsar Rinpoce a primit un num\u0103r mare de \u00eenv\u0103\u0163\u0103turi \u015fi transmisii de la Sfin\u0163ia Sa Dalai Lama \u015fi de la mul\u0163i al\u0163i mae\u015ftri, \u00een particular de la Kyabje Trijang Dorje Chang \u015fi Ghe\u0219e Rabten Rinpoce.<\/p>\n<p>\u00cen 1959, c\u00e2nd Tibetul a c\u0103zut \u00een fa\u0163a regimului comunist chinez, Gonsar Rinpoce a fugit \u00een India \u00eempreun\u0103 cu maestrul s\u0103u, \u015fi \u015fi-a continuat studiile acolo. Concomitent, el a \u00eenv\u0103\u0163at limbile englez\u0103 \u015fi hindi. \u00cen 1969, a \u00eenceput s\u0103 traduc\u0103 \u00een limba englez\u0103 \u00eenv\u0103\u0163\u0103turile Buddhiste predate de c\u0103tre maestrul s\u0103u Ghe\u0219e Rabten studen\u0163ilor din Occident.<\/p>\n<p>Din 1986, de c\u00e2nd Venerabilul Ghe\u0219e Rabten a trecut \u00een Parinirvana, Gonsar Rinpoce a continuat activit\u0103\u0163ile maestrului s\u0103u, dup\u0103 ce \u015fi-a petrecut treizeci \u015fi trei de ani ca cel mai apropiat discipol al acestuia. \u00cen prezent, Gonsar Rinpoce este directorul Centrului de \u00cenalte Studii Tibetane \u201eRabten Choeling\u201d din Mont P\u00e8lerin (Elve\u0163ia), precum \u015fi al celorlalte centre Rabten din Europa. El pred\u0103 periodic \u00eenv\u0103\u0163\u0103turi, direct \u00een limbile englez\u0103, francez\u0103, german\u0103 \u015fi tibetan\u0103.<\/p>\n<p>Primul Gonsar Rinpoce a fost renumit pentru \u00eenv\u0103\u0163\u0103turile sale remarcabil de vaste \u015fi de profunde despre calea gradual\u0103 (<em>lamrim<\/em>) a dezvolt\u0103rii min\u0163ii p\u00e2n\u0103 la iluminarea complet\u0103. Actualul Gonsar Rinpoce este renumit ca unul dintre foarte pu\u0163inii mae\u015ftri contemporani capabili s\u0103 transmit\u0103 \u00een mod clar \u015fi mi\u015fc\u0103tor toate aspectele \u00eenv\u0103\u0163\u0103turilor lui Buddha.<\/p>\n<p>[\/et_pb_text][et_pb_button button_url=&#8221;@ET-DC@eyJkeW5hbWljIjp0cnVlLCJjb250ZW50IjoicG9zdF9saW5rX3VybF9wYWdlIiwic2V0dGluZ3MiOnsicG9zdF9pZCI6IjE5MSJ9fQ==@&#8221; button_text=&#8221;Mae\u0219trii&#8221; _builder_version=&#8221;4.27.4&#8243; _dynamic_attributes=&#8221;button_url&#8221; _module_preset=&#8221;default&#8221; custom_button=&#8221;on&#8221; button_text_color=&#8221;#E09900&#8243; locked=&#8221;off&#8221; global_colors_info=&#8221;{}&#8221;][\/et_pb_button][\/et_pb_column][et_pb_column type=&#8221;1_3&#8243; _builder_version=&#8221;4.27.4&#8243; _module_preset=&#8221;default&#8221; global_colors_info=&#8221;{}&#8221;][et_pb_post_title title=&#8221;off&#8221; meta=&#8221;off&#8221; _builder_version=&#8221;4.27.4&#8243; _module_preset=&#8221;default&#8221; global_colors_info=&#8221;{}&#8221;][\/et_pb_post_title][\/et_pb_column][\/et_pb_row][\/et_pb_section]<\/p>\n","protected":false},"excerpt":{"rendered":"<p>Pe vremea Celui de-al \u015eaptelea Dalai Lama, un t\u00e2n\u0103r din Amdo a cerut s\u0103 fie primit \u00een casa cona\u0163ionalilor s\u0103i din m\u0103n\u0103stirea Sera, de l\u00e2ng\u0103 Lhasa; el a fost refuzat pentru ca \u00eenf\u0103\u0163i\u015farea \u00eei era s\u0103r\u0103c\u0103cioas\u0103 \u015fi ponosit\u0103. Plec\u00e2nd de acolo, dar \u00eenc\u0103 afl\u00e2ndu-se pe terenul m\u0103n\u0103stirii, a \u00eent\u00e2lnit o b\u0103tr\u00e2n\u0103 care i-a dat ideea s\u0103 cear\u0103 s\u0103 fie primit \u00een Casa Chadrel, \u015fi care l-a asigurat c\u0103 locul lui era acolo. A f\u0103cut dup\u0103 cum i s-a spus, \u015fi dup\u0103 ce a fost admis \u00een m\u0103n\u0103stire, el a studiat cu un mare entuziasm. \u00cen scurt timp, au devenit evidente calit\u0103\u0163ile sale de mare maestru. El a devenit faimos sub numele de maestrul Ngawang Th\u00f6ndrup, \u015fi a slujit foarte mult \u00eenv\u0103\u0163\u0103turile lui Buddha, at\u00e2t ca stare\u0163 al m\u0103n\u0103stirii Sera Je, c\u00e2t \u015fi ca unul dintre tutorii Sfin\u0163iei Sale Dalai Lama al Optulea. El a petrecut mult timp \u00een medita\u0163ie \u00eentr-o pe\u015fter\u0103 din muntele Ghephel de l\u00e2ng\u0103 Lhasa, unde a fost construit\u0103 mai t\u00e2rziu m\u0103n\u0103stirea de retragere Gonsar. Atunci c\u00e2nd oamenii din Lhasa au v\u0103zut noua m\u0103n\u0103stire, ei au \u00eenceput s\u0103-i spun\u0103 \u201eGonsar Rinpoce\u201d, ceea ce \u00een limba tibetan\u0103 \u00eenseamn\u0103 \u201ePre\u021biosul Lama al noii m\u0103n\u0103stiri\u201d. Acest nume a r\u0103mas \u00een linia [&hellip;]<\/p>\n","protected":false},"author":1,"featured_media":6476,"parent":0,"menu_order":0,"comment_status":"closed","ping_status":"closed","template":"","meta":{"_et_pb_use_builder":"on","_et_pb_old_content":"","_et_gb_content_width":"","footnotes":""},"class_list":["post-6489","page","type-page","status-publish","has-post-thumbnail","hentry"],"_links":{"self":[{"href":"https:\/\/www.rabten.ro\/en\/wp-json\/wp\/v2\/pages\/6489","targetHints":{"allow":["GET"]}}],"collection":[{"href":"https:\/\/www.rabten.ro\/en\/wp-json\/wp\/v2\/pages"}],"about":[{"href":"https:\/\/www.rabten.ro\/en\/wp-json\/wp\/v2\/types\/page"}],"author":[{"embeddable":true,"href":"https:\/\/www.rabten.ro\/en\/wp-json\/wp\/v2\/users\/1"}],"replies":[{"embeddable":true,"href":"https:\/\/www.rabten.ro\/en\/wp-json\/wp\/v2\/comments?post=6489"}],"version-history":[{"count":7,"href":"https:\/\/www.rabten.ro\/en\/wp-json\/wp\/v2\/pages\/6489\/revisions"}],"predecessor-version":[{"id":244486,"href":"https:\/\/www.rabten.ro\/en\/wp-json\/wp\/v2\/pages\/6489\/revisions\/244486"}],"wp:featuredmedia":[{"embeddable":true,"href":"https:\/\/www.rabten.ro\/en\/wp-json\/wp\/v2\/media\/6476"}],"wp:attachment":[{"href":"https:\/\/www.rabten.ro\/en\/wp-json\/wp\/v2\/media?parent=6489"}],"curies":[{"name":"wp","href":"https:\/\/api.w.org\/{rel}","templated":true}]}}