{"id":6492,"date":"2025-03-25T17:39:21","date_gmt":"2025-03-25T17:39:21","guid":{"rendered":"https:\/\/www.rabten.ro\/?page_id=6492"},"modified":"2025-11-20T12:28:28","modified_gmt":"2025-11-20T12:28:28","slug":"rabten-rinpoce","status":"publish","type":"page","link":"https:\/\/www.rabten.ro\/en\/rabten-rinpoce\/","title":{"rendered":"Rabten Rinpoce"},"content":{"rendered":"<p>[et_pb_section fb_built=&#8221;1&#8243; _builder_version=&#8221;4.27.4&#8243; _module_preset=&#8221;default&#8221; global_colors_info=&#8221;{}&#8221;][et_pb_row column_structure=&#8221;2_3,1_3&#8243; _builder_version=&#8221;4.27.4&#8243; _module_preset=&#8221;default&#8221; locked=&#8221;off&#8221; global_colors_info=&#8221;{}&#8221;][et_pb_column type=&#8221;2_3&#8243; _builder_version=&#8221;4.27.4&#8243; _module_preset=&#8221;default&#8221; global_colors_info=&#8221;{}&#8221;][et_pb_post_title meta=&#8221;off&#8221; featured_image=&#8221;off&#8221; _builder_version=&#8221;4.27.4&#8243; _module_preset=&#8221;default&#8221; global_colors_info=&#8221;{}&#8221;][\/et_pb_post_title][et_pb_text _builder_version=&#8221;4.27.4&#8243; _module_preset=&#8221;default&#8221; hover_enabled=&#8221;0&#8243; global_colors_info=&#8221;{}&#8221; sticky_enabled=&#8221;0&#8243;]<\/p>\n<p>Extraordinarele semne care s-au v\u0103zut la moartea lui Ghe\u0219e Rabten, \u00een 1986, i-au f\u0103cut pe discipolii lui s\u0103 \u00ee\u015fi dea seama c\u0103 nu erau doar martorii mor\u021bii unui mare \u00eenv\u0103\u0163\u0103tor, ci \u015fi la cel al unui maestru cu adev\u0103rat iluminat. \u00cen lunile care au urmat mor\u0163ii sale, \u00een timp ce meditau, numero\u015fi studen\u0163i au avut experien\u0163a unei apropieri neobi\u015fnuite a lui Ghe\u0219e.<\/p>\n<p>Gonsar Rinpoce, cel mai pre\u021buit \u015fi mai apropiat discipol al lui Ghe\u0219e, i-a descoperit re\u00eencarnarea trei ani mai t\u00e2rziu. Dup\u0103 o serie minu\u0163ioas\u0103 de consult\u0103ri cu Sfin\u021bia Sa Dalai Lama \u015fi cu diverse alte surse cu autoritate, dintre 180 de posibili candida\u0163i, Kelsang Tsering, fiul domnului Tenzin Dargye \u015fi al doamnei Pasang Gyalmo a fost confirmat ca fiind adev\u0103rata re\u00eencarnare a lui Ghe\u0219e Rabten Rinpoce.<\/p>\n<p>\u00cen prim\u0103vara anului 1998, la m\u0103n\u0103stirea\u00a0 Rabten Choeling de l\u00e2ng\u0103 lacul Geneva, Rabten Tulku Rinpoce (pe atunci \u00een v\u00e2rst\u0103 de zece ani) a predat prima sa \u00eenv\u0103\u0163\u0103tur\u0103, \u00een fa\u0163a unui grup de dou\u0103 sute de persoane. Pe nea\u015fteptate \u015fi f\u0103r\u0103 s\u0103 se preg\u0103teasc\u0103, t\u00e2n\u0103rul Rinpoce a dat oamenilor sfaturi despre luarea refugiului. El a vorbit \u00een maniera clar\u0103 \u015fi special\u0103 caracteristic\u0103 lui Ghe\u0219e Rabten. Ascult\u0103torii au fost profund mi\u015fca\u0163i, mul\u0163i dintre fo\u015ftii discipoli ai lui Ghe\u0219e Rabten av\u00e2nd lacrimi \u00een ochi.<\/p>\n<p>Amintirea lui Ghe\u0219e pe care o avem prin re\u00eencarnarea sa, care a manifestat \u00eenc\u0103 de mic semnele clare ale unui mare maestru, ne face s\u0103 credem c\u0103 nu exist\u0103 nimic mai pre\u0163ios care ne poate fi oferit \u00een aceast\u0103 via\u0163\u0103, nici m\u0103car dac\u0103 ar fi s\u0103 \u00eel \u00eent\u00e2lnim pe Buddha cel iluminat \u00een persoan\u0103.<\/p>\n<p>[\/et_pb_text][et_pb_button button_url=&#8221;@ET-DC@eyJkeW5hbWljIjp0cnVlLCJjb250ZW50IjoicG9zdF9saW5rX3VybF9wYWdlIiwic2V0dGluZ3MiOnsicG9zdF9pZCI6IjE5MSJ9fQ==@&#8221; button_text=&#8221;Mae\u0219trii&#8221; _builder_version=&#8221;4.27.4&#8243; _dynamic_attributes=&#8221;button_url&#8221; _module_preset=&#8221;default&#8221; custom_button=&#8221;on&#8221; button_text_color=&#8221;#E09900&#8243; global_colors_info=&#8221;{}&#8221;][\/et_pb_button][\/et_pb_column][et_pb_column type=&#8221;1_3&#8243; _builder_version=&#8221;4.27.4&#8243; _module_preset=&#8221;default&#8221; global_colors_info=&#8221;{}&#8221;][et_pb_post_title title=&#8221;off&#8221; meta=&#8221;off&#8221; _builder_version=&#8221;4.27.4&#8243; _module_preset=&#8221;default&#8221; global_colors_info=&#8221;{}&#8221;][\/et_pb_post_title][\/et_pb_column][\/et_pb_row][\/et_pb_section]<\/p>\n","protected":false},"excerpt":{"rendered":"<p>Extraordinarele semne care s-au v\u0103zut la moartea lui Ghe\u0219e Rabten, \u00een 1986, i-au f\u0103cut pe discipolii lui s\u0103 \u00ee\u015fi dea seama c\u0103 nu erau doar martorii mor\u021bii unui mare \u00eenv\u0103\u0163\u0103tor, ci \u015fi la cel al unui maestru cu adev\u0103rat iluminat. \u00cen lunile care au urmat mor\u0163ii sale, \u00een timp ce meditau, numero\u015fi studen\u0163i au avut experien\u0163a unei apropieri neobi\u015fnuite a lui Ghe\u0219e. Gonsar Rinpoce, cel mai pre\u021buit \u015fi mai apropiat discipol al lui Ghe\u0219e, i-a descoperit re\u00eencarnarea trei ani mai t\u00e2rziu. Dup\u0103 o serie minu\u0163ioas\u0103 de consult\u0103ri cu Sfin\u021bia Sa Dalai Lama \u015fi cu diverse alte surse cu autoritate, dintre 180 de posibili candida\u0163i, Kelsang Tsering, fiul domnului Tenzin Dargye \u015fi al doamnei Pasang Gyalmo a fost confirmat ca fiind adev\u0103rata re\u00eencarnare a lui Ghe\u0219e Rabten Rinpoce. \u00cen prim\u0103vara anului 1998, la m\u0103n\u0103stirea\u00a0 Rabten Choeling de l\u00e2ng\u0103 lacul Geneva, Rabten Tulku Rinpoce (pe atunci \u00een v\u00e2rst\u0103 de zece ani) a predat prima sa \u00eenv\u0103\u0163\u0103tur\u0103, \u00een fa\u0163a unui grup de dou\u0103 sute de persoane. Pe nea\u015fteptate \u015fi f\u0103r\u0103 s\u0103 se preg\u0103teasc\u0103, t\u00e2n\u0103rul Rinpoce a dat oamenilor sfaturi despre luarea refugiului. El a vorbit \u00een maniera clar\u0103 \u015fi special\u0103 caracteristic\u0103 lui Ghe\u0219e Rabten. Ascult\u0103torii au fost profund mi\u015fca\u0163i, mul\u0163i dintre fo\u015ftii discipoli [&hellip;]<\/p>\n","protected":false},"author":1,"featured_media":6477,"parent":0,"menu_order":0,"comment_status":"closed","ping_status":"closed","template":"","meta":{"_et_pb_use_builder":"on","_et_pb_old_content":"","_et_gb_content_width":"","footnotes":""},"class_list":["post-6492","page","type-page","status-publish","has-post-thumbnail","hentry"],"_links":{"self":[{"href":"https:\/\/www.rabten.ro\/en\/wp-json\/wp\/v2\/pages\/6492","targetHints":{"allow":["GET"]}}],"collection":[{"href":"https:\/\/www.rabten.ro\/en\/wp-json\/wp\/v2\/pages"}],"about":[{"href":"https:\/\/www.rabten.ro\/en\/wp-json\/wp\/v2\/types\/page"}],"author":[{"embeddable":true,"href":"https:\/\/www.rabten.ro\/en\/wp-json\/wp\/v2\/users\/1"}],"replies":[{"embeddable":true,"href":"https:\/\/www.rabten.ro\/en\/wp-json\/wp\/v2\/comments?post=6492"}],"version-history":[{"count":8,"href":"https:\/\/www.rabten.ro\/en\/wp-json\/wp\/v2\/pages\/6492\/revisions"}],"predecessor-version":[{"id":244491,"href":"https:\/\/www.rabten.ro\/en\/wp-json\/wp\/v2\/pages\/6492\/revisions\/244491"}],"wp:featuredmedia":[{"embeddable":true,"href":"https:\/\/www.rabten.ro\/en\/wp-json\/wp\/v2\/media\/6477"}],"wp:attachment":[{"href":"https:\/\/www.rabten.ro\/en\/wp-json\/wp\/v2\/media?parent=6492"}],"curies":[{"name":"wp","href":"https:\/\/api.w.org\/{rel}","templated":true}]}}